{"id":7869,"date":"2025-04-28T10:29:54","date_gmt":"2025-04-28T08:29:54","guid":{"rendered":"https:\/\/www.futurefilmfestival.it\/sottotitoli\/"},"modified":"2025-05-12T11:03:29","modified_gmt":"2025-05-12T09:03:29","slug":"subtitles","status":"publish","type":"page","link":"https:\/\/www.futurefilmfestival.it\/en\/subtitles\/","title":{"rendered":"Subtitles"},"content":{"rendered":"<p>&nbsp;<\/p>\n<p>&nbsp;<\/p>\n<p>The 24FRAME Future Film Festival has curated the Italian subtitles for the following films.<br \/>\nFor inquiries regarding the use of these subtitles for screenings or events, please contact us at <a href=\"mailto:info@futurefilmfestival.it\">info@futurefilmfestival.it<\/a>.<\/p>\n<p><!--more--><\/p>\n<p><strong>2025 edition<\/strong><\/p>\n<ul>\n<li><strong>Aunt Hilda!<\/strong> (<strong>Tante Hilda!<\/strong>) by Beno\u00eet Chieux, Jacques-R\u00e9my Girerd (France, 2013) 89\u2032<\/li>\n<li><strong>The Great History of Western Philosophy<\/strong> (<strong>La gran historia de la filosof\u00eda occidental<\/strong>) by Aria Covamonas (Mexico, 2025) 73\u2032<\/li>\n<li><strong>Pig That Survived Foot-and-Mouth Disease<\/strong> by HUR Bum-Wook (South Korea, 2024) 105\u2032<\/li>\n<li><strong>Fureru<\/strong> by Tatsuyuki Nagai (Japan, 2024) 107\u2032<\/li>\n<li><strong>Hitpig!<\/strong> by David Feiss, Cinzia Angelini (UK\/Canada, 2024) 86\u2032<\/li>\n<li><strong>Rock Bottom<\/strong> by Mar\u00eda Tr\u00e9nor (Spain, 2024) 86\u2032<\/li>\n<li><strong>Clarice\u2019s Dream<\/strong> (<strong>O Sonho de Clarice<\/strong>) by Fernando Guti\u00e9rrez, Guto Bicalho (Brazil, 2023)<\/li>\n<li><strong>GILL<\/strong> by AHN Jae-huun (South Korea, 2024) 104\u2032<\/li>\n<li><strong>Trapezium<\/strong> by Masahiro Shinohara (Japan, 2024) 94\u2032<\/li>\n<li><strong>Friendlyship<\/strong> by Jer Moran (USA, 2025) 60\u2032<\/li>\n<\/ul>\n<p><strong>2024 edition<\/strong><\/p>\n<ul>\n<li><strong>A Few Moments of Cheer<\/strong>s by Popreq (Japan, 2024) 68\u2032<\/li>\n<li><strong>Queen of the Deuce<\/strong> by Valerie Kontakos (Canada, 2022) 78\u2032<\/li>\n<li><strong>Black Butterflies<\/strong> by David Baute (Spain, 2024) 83\u2032<\/li>\n<li><strong>The Storm<\/strong> by Yang Zhigang aka Busifan (China, 2024) 102\u2032<\/li>\n<li><strong>The Siren<\/strong> (<strong>La Sir\u00e8ne<\/strong>) by Sepideh Farsi (France, 2023) 101\u2032<\/li>\n<li><strong>Empire of the Ants<\/strong> by Bert I. Gordon (USA, 1977) 90\u2032<\/li>\n<li><strong>Totto-Chan: The Little Girl at the Window<\/strong> by Shinnosuke Yakuwa (Japan, 2024) 114\u2032<\/li>\n<li><strong>Yumi\u2019s Cells: The Movie<\/strong> by Kim Da-hee (South Korea, 2024) 93\u2032<\/li>\n<li><strong>The Missing<\/strong> (<strong>Iti Mapukpukaw<\/strong>) by Carl Joseph E. Papa (Philippines, 2024) 90\u2032<\/li>\n<li><strong>Macross Plus: Movie Edition<\/strong> by Shinichiro Watanabe (Japan, 1995) 115\u2032<\/li>\n<\/ul>\n<p><strong>2023 edition<\/strong><\/p>\n<ul>\n<li><strong>Blind Willow, Sleeping Woman<\/strong> by Pierre F\u00f6ldes (Canada\/France\/Luxembourg\/Netherlands, 2022) 110\u2032<\/li>\n<li><strong>Icarus and the Minotaur<\/strong> (<strong>Icare<\/strong>) by Carlo Vogele (France, 2021) 77\u2032<\/li>\n<li><strong>Johnny &amp; Me<\/strong> \u2013 <strong>A Journey through Time<\/strong> with John Heartfield by Katrin Rothe (Germany\/Austria\/Switzerland, 2023) 104\u2032<\/li>\n<li><strong>Junk Head<\/strong> by Takahide Hori (Japan, 2021) 115\u2032<\/li>\n<li><strong>Slide<\/strong> by Bill Plympton (USA, 2023) 78\u2032<\/li>\n<li><strong>Komada, a Whisky Family<\/strong> by Masayuki Yoshihara (Japan, 2023) 90\u2032<\/li>\n<li><strong>Art College<\/strong> by Liu Jian (China, 2023) 118\u2032<\/li>\n<li><strong>Nayola<\/strong> by Jos\u00e9 Miguel Ribeiro (Portugal\/Belgium\/France\/Netherlands, 2023) 63\u2032<\/li>\n<li><strong>Eternal 831<\/strong> by Kenji Kamiyama (Japan, 2022) 105\u2032<\/li>\n<li><strong>Four Souls of Coyote<\/strong> (A Koj\u00f3tnak n\u00e9gy lelke) by \u00c1ron Gauder (Hungary, 2023) 106\u2032<\/li>\n<li><strong>Tender Metalheads<\/strong> by Carlos Perez-Reche, Joan Francesc Tomas Monfort (Spain, 2023) 80\u2032<\/li>\n<li><strong>Revengeance<\/strong> by Bill Plympton (USA, 2017) 75\u2032<\/li>\n<li><strong>Eternal Spring<\/strong> by Jason Loftus (Canada, 2023) 86\u2032<\/li>\n<\/ul>\n<p><strong>2022 edition<\/strong><\/p>\n<ul>\n<li><strong>Battlecry<\/strong> by YANAKAYA (Japan, 2020) 75\u2032<\/li>\n<li><strong>Dragon Princess<\/strong> by Jean-Jacques Denis &amp; Anthony Roux (France, 2021) 74\u2032<\/li>\n<li><strong>Home is Somewhere Else<\/strong> by Carlos Hagerman, Jorge Villalobos (Mexico\/USA, 2021) 87\u2032<\/li>\n<li><strong>I Am What I Am<\/strong> by SUN Haipeng (China, 2021) 104\u2032<\/li>\n<li><strong>Inu-Oh<\/strong> by Masaaki Yuasa (Japan\/China, 2021) 96\u2032<\/li>\n<li><strong>Khamsa: The Well of Oblivion<\/strong> by Vynom (Algeria, 2022) 77\u2032<\/li>\n<li><strong>Les Secrets de Mon P\u00e8re<\/strong> by Vera Belmont (France\/Belgium, 2021) 75\u2032<\/li>\n<li><strong>I Vicini dei Miei Vicini Sono i Miei Vicini<\/strong> (<strong>Les Voisins de Mes Voisins sont Mes Voisins<\/strong>) by Anne-Laure Daffis, L\u00e9o Marchand (France, 2021) 93\u2032<\/li>\n<li><strong>My Grandfather\u2019s Demons<\/strong> (<strong>Os Dem\u00f3nios do Meu Av\u00f4<\/strong>) by Nuno Beato (Portugal, 2022) 90\u2032<\/li>\n<li><strong>Red Jungle<\/strong> by Juan Jos\u00e9 Lozano, Zolt\u00e1n Horv\u00e1th (France\/Switzerland, 2022) 92\u2032<\/li>\n<li><strong>The Island<\/strong> by Anca Damian (Romania\/France\/Belgium, 2021) 85\u2032<\/li>\n<li><strong>La Casa degli Smarriti sul Promontorio<\/strong> by Sachiko Kashiwaba (Japan, 2021) 100\u2032<\/li>\n<li>\u00a0<strong>Steel: Night of the Trampires<\/strong> by Mike Mort (UK, 2019) 91\u2032<\/li>\n<li><strong>Neptune Frost<\/strong> by Saul Williams, Anisia Uzeyman (Rwanda\/USA, 2021) 105\u2032<\/li>\n<\/ul>\n<p><strong>2021 edition<\/strong><\/p>\n<ul>\n<li><strong>Archipel<\/strong> (<strong>Archipel<\/strong>) by F\u00e9lix Dufour-Laperri\u00e8re (Canada, 2021) 72\u2032<\/li>\n<li><strong>The Deer King<\/strong> by Masashi Ando, Masayuki Miyaji (Japan, 2021) 120\u2032<\/li>\n<li><strong>Lamya\u2019s Poem<\/strong> by Alexander Kronemer (USA\/Canada, 2021) 85\u2032<\/li>\n<li><strong>My Uncle Jos\u00e9<\/strong> (<strong>Meu Tio Jos\u00e9<\/strong>) by Duca Rios (Brazil, 2021) 99\u2032<\/li>\n<li><strong>My Sunny Maad<\/strong> by Michaela Pavl\u00e1tov\u00e1 (Czech Republic\/France\/Slovakia, 2021) 85\u2032<\/li>\n<li><strong>Bob Spit: We Do Not Like People<\/strong> (<strong>Bob Cuspe \u2013 N\u00f3s N\u00e3o Gostamos de Gente<\/strong>) by Cesar Cabral (Brazil, 2021) 90\u2032<\/li>\n<li><strong>Satoshi Kon, The Illusionist<\/strong> (<strong>Satoshi Kon, l\u2019Illusioniste<\/strong>) by Pascal-Alex Vincent (France, 2021) 81\u2032<\/li>\n<li><strong>City of Lost Things<\/strong> by Yee Chih-Yen (Taiwan, 2020) 91\u2032<\/li>\n<li><strong>Climbing<\/strong> by Hye-mi Kim (South Korea, 2020) 77\u2032<\/li>\n<li><strong>Snotty Boy<\/strong> (<strong>Rotzbub<\/strong>) by Santiago L\u00f3pez Jover, Marcus H. Rosenm\u00fcller (Germany\/Austria, 2021) 85\u2032<\/li>\n<li><strong>Tito and the Birds<\/strong> (Tito e os P\u00e1ssaros) by Gabriel Bitar, Andr\u00e9 Catoto, Gustavo Steinberg (Brazil, 2018) 73\u2032<\/li>\n<li><strong>The Old Man Movie<\/strong> (Vanamehe film) by Mikk M\u00e4gi, Oskar Lehemaa (Estonia, 2019) 85\u2032<\/li>\n<\/ul>\n<p><strong>2018 edition<\/strong><\/p>\n<ul>\n<li><strong>Un homme est mort<\/strong> by Olivier Cossu (France, 2018) 64\u2032<\/li>\n<li><strong>The Shower<\/strong> (<strong>So-na-gi<\/strong>) by AHN Jae-huun (South Korea, 2017) 48\u2032<\/li>\n<\/ul>\n<p>&nbsp;<\/p>\n","protected":false},"excerpt":{"rendered":"<p>&nbsp; &nbsp; The 24FRAME Future Film Festival has curated the Italian subtitles for the following films. For inquiries regarding the use of these subtitles for screenings or events, please contact us at info@futurefilmfestival.it.<\/p>\n","protected":false},"author":6,"featured_media":0,"parent":0,"menu_order":0,"comment_status":"closed","ping_status":"closed","template":"templates\/template-full-width.php","meta":{"footnotes":""},"class_list":["post-7869","page","type-page","status-publish","hentry"],"acf":[],"yoast_head":"<!-- This site is optimized with the Yoast SEO plugin v26.3 - https:\/\/yoast.com\/wordpress\/plugins\/seo\/ -->\n<title>Subtitles - Future Film Festival<\/title>\n<meta name=\"description\" content=\"The 24FRAME Future Film Festival has curated the creation of Italian subtitles for the following films\" \/>\n<meta name=\"robots\" content=\"index, follow, max-snippet:-1, max-image-preview:large, max-video-preview:-1\" \/>\n<link rel=\"canonical\" href=\"https:\/\/www.futurefilmfestival.it\/en\/subtitles\/\" \/>\n<meta property=\"og:locale\" content=\"en_US\" \/>\n<meta property=\"og:type\" content=\"article\" \/>\n<meta property=\"og:title\" content=\"Subtitles - Future Film Festival\" \/>\n<meta property=\"og:description\" content=\"The 24FRAME Future Film Festival has curated the creation of Italian subtitles for the following films\" \/>\n<meta property=\"og:url\" content=\"https:\/\/www.futurefilmfestival.it\/en\/subtitles\/\" \/>\n<meta property=\"og:site_name\" content=\"Future Film Festival\" \/>\n<meta property=\"article:modified_time\" content=\"2025-05-12T09:03:29+00:00\" \/>\n<meta property=\"og:image\" content=\"https:\/\/www.futurefilmfestival.it\/wp-content\/uploads\/2024\/05\/FFF2024-logo-positivo-RAPPR.jpg\" \/>\n\t<meta property=\"og:image:width\" content=\"1200\" \/>\n\t<meta property=\"og:image:height\" content=\"675\" \/>\n\t<meta property=\"og:image:type\" content=\"image\/jpeg\" \/>\n<meta name=\"twitter:card\" content=\"summary_large_image\" \/>\n<meta name=\"twitter:label1\" content=\"Est. reading time\" \/>\n\t<meta name=\"twitter:data1\" content=\"4 minutes\" \/>\n<script type=\"application\/ld+json\" class=\"yoast-schema-graph\">{\"@context\":\"https:\/\/schema.org\",\"@graph\":[{\"@type\":\"WebPage\",\"@id\":\"https:\/\/www.futurefilmfestival.it\/en\/subtitles\/\",\"url\":\"https:\/\/www.futurefilmfestival.it\/en\/subtitles\/\",\"name\":\"Subtitles - Future Film Festival\",\"isPartOf\":{\"@id\":\"https:\/\/www.futurefilmfestival.it\/it\/#website\"},\"datePublished\":\"2025-04-28T08:29:54+00:00\",\"dateModified\":\"2025-05-12T09:03:29+00:00\",\"description\":\"The 24FRAME Future Film Festival has curated the creation of Italian subtitles for the following films\",\"breadcrumb\":{\"@id\":\"https:\/\/www.futurefilmfestival.it\/en\/subtitles\/#breadcrumb\"},\"inLanguage\":\"en-US\",\"potentialAction\":[{\"@type\":\"ReadAction\",\"target\":[\"https:\/\/www.futurefilmfestival.it\/en\/subtitles\/\"]}]},{\"@type\":\"BreadcrumbList\",\"@id\":\"https:\/\/www.futurefilmfestival.it\/en\/subtitles\/#breadcrumb\",\"itemListElement\":[{\"@type\":\"ListItem\",\"position\":1,\"name\":\"Home\",\"item\":\"https:\/\/www.futurefilmfestival.it\/en\/home\/\"},{\"@type\":\"ListItem\",\"position\":2,\"name\":\"Subtitles\"}]},{\"@type\":\"WebSite\",\"@id\":\"https:\/\/www.futurefilmfestival.it\/it\/#website\",\"url\":\"https:\/\/www.futurefilmfestival.it\/it\/\",\"name\":\"Future Film Festival\",\"description\":\"\",\"publisher\":{\"@id\":\"https:\/\/www.futurefilmfestival.it\/it\/#organization\"},\"potentialAction\":[{\"@type\":\"SearchAction\",\"target\":{\"@type\":\"EntryPoint\",\"urlTemplate\":\"https:\/\/www.futurefilmfestival.it\/it\/?s={search_term_string}\"},\"query-input\":{\"@type\":\"PropertyValueSpecification\",\"valueRequired\":true,\"valueName\":\"search_term_string\"}}],\"inLanguage\":\"en-US\"},{\"@type\":\"Organization\",\"@id\":\"https:\/\/www.futurefilmfestival.it\/it\/#organization\",\"name\":\"Future Film Festival\",\"url\":\"https:\/\/www.futurefilmfestival.it\/it\/\",\"logo\":{\"@type\":\"ImageObject\",\"inLanguage\":\"en-US\",\"@id\":\"https:\/\/www.futurefilmfestival.it\/it\/#\/schema\/logo\/image\/\",\"url\":\"https:\/\/www.futurefilmfestival.it\/wp-content\/uploads\/2024\/05\/FFF2024-logo-positivo-RAPPR.jpg\",\"contentUrl\":\"https:\/\/www.futurefilmfestival.it\/wp-content\/uploads\/2024\/05\/FFF2024-logo-positivo-RAPPR.jpg\",\"width\":1200,\"height\":675,\"caption\":\"Future Film Festival\"},\"image\":{\"@id\":\"https:\/\/www.futurefilmfestival.it\/it\/#\/schema\/logo\/image\/\"}}]}<\/script>\n<!-- \/ Yoast SEO plugin. -->","yoast_head_json":{"title":"Subtitles - Future Film Festival","description":"The 24FRAME Future Film Festival has curated the creation of Italian subtitles for the following films","robots":{"index":"index","follow":"follow","max-snippet":"max-snippet:-1","max-image-preview":"max-image-preview:large","max-video-preview":"max-video-preview:-1"},"canonical":"https:\/\/www.futurefilmfestival.it\/en\/subtitles\/","og_locale":"en_US","og_type":"article","og_title":"Subtitles - Future Film Festival","og_description":"The 24FRAME Future Film Festival has curated the creation of Italian subtitles for the following films","og_url":"https:\/\/www.futurefilmfestival.it\/en\/subtitles\/","og_site_name":"Future Film Festival","article_modified_time":"2025-05-12T09:03:29+00:00","og_image":[{"width":1200,"height":675,"url":"https:\/\/www.futurefilmfestival.it\/wp-content\/uploads\/2024\/05\/FFF2024-logo-positivo-RAPPR.jpg","type":"image\/jpeg"}],"twitter_card":"summary_large_image","twitter_misc":{"Est. reading time":"4 minutes"},"schema":{"@context":"https:\/\/schema.org","@graph":[{"@type":"WebPage","@id":"https:\/\/www.futurefilmfestival.it\/en\/subtitles\/","url":"https:\/\/www.futurefilmfestival.it\/en\/subtitles\/","name":"Subtitles - Future Film Festival","isPartOf":{"@id":"https:\/\/www.futurefilmfestival.it\/it\/#website"},"datePublished":"2025-04-28T08:29:54+00:00","dateModified":"2025-05-12T09:03:29+00:00","description":"The 24FRAME Future Film Festival has curated the creation of Italian subtitles for the following films","breadcrumb":{"@id":"https:\/\/www.futurefilmfestival.it\/en\/subtitles\/#breadcrumb"},"inLanguage":"en-US","potentialAction":[{"@type":"ReadAction","target":["https:\/\/www.futurefilmfestival.it\/en\/subtitles\/"]}]},{"@type":"BreadcrumbList","@id":"https:\/\/www.futurefilmfestival.it\/en\/subtitles\/#breadcrumb","itemListElement":[{"@type":"ListItem","position":1,"name":"Home","item":"https:\/\/www.futurefilmfestival.it\/en\/home\/"},{"@type":"ListItem","position":2,"name":"Subtitles"}]},{"@type":"WebSite","@id":"https:\/\/www.futurefilmfestival.it\/it\/#website","url":"https:\/\/www.futurefilmfestival.it\/it\/","name":"Future Film Festival","description":"","publisher":{"@id":"https:\/\/www.futurefilmfestival.it\/it\/#organization"},"potentialAction":[{"@type":"SearchAction","target":{"@type":"EntryPoint","urlTemplate":"https:\/\/www.futurefilmfestival.it\/it\/?s={search_term_string}"},"query-input":{"@type":"PropertyValueSpecification","valueRequired":true,"valueName":"search_term_string"}}],"inLanguage":"en-US"},{"@type":"Organization","@id":"https:\/\/www.futurefilmfestival.it\/it\/#organization","name":"Future Film Festival","url":"https:\/\/www.futurefilmfestival.it\/it\/","logo":{"@type":"ImageObject","inLanguage":"en-US","@id":"https:\/\/www.futurefilmfestival.it\/it\/#\/schema\/logo\/image\/","url":"https:\/\/www.futurefilmfestival.it\/wp-content\/uploads\/2024\/05\/FFF2024-logo-positivo-RAPPR.jpg","contentUrl":"https:\/\/www.futurefilmfestival.it\/wp-content\/uploads\/2024\/05\/FFF2024-logo-positivo-RAPPR.jpg","width":1200,"height":675,"caption":"Future Film Festival"},"image":{"@id":"https:\/\/www.futurefilmfestival.it\/it\/#\/schema\/logo\/image\/"}}]}},"_links":{"self":[{"href":"https:\/\/www.futurefilmfestival.it\/en\/wp-json\/wp\/v2\/pages\/7869","targetHints":{"allow":["GET"]}}],"collection":[{"href":"https:\/\/www.futurefilmfestival.it\/en\/wp-json\/wp\/v2\/pages"}],"about":[{"href":"https:\/\/www.futurefilmfestival.it\/en\/wp-json\/wp\/v2\/types\/page"}],"author":[{"embeddable":true,"href":"https:\/\/www.futurefilmfestival.it\/en\/wp-json\/wp\/v2\/users\/6"}],"replies":[{"embeddable":true,"href":"https:\/\/www.futurefilmfestival.it\/en\/wp-json\/wp\/v2\/comments?post=7869"}],"version-history":[{"count":6,"href":"https:\/\/www.futurefilmfestival.it\/en\/wp-json\/wp\/v2\/pages\/7869\/revisions"}],"predecessor-version":[{"id":7976,"href":"https:\/\/www.futurefilmfestival.it\/en\/wp-json\/wp\/v2\/pages\/7869\/revisions\/7976"}],"wp:attachment":[{"href":"https:\/\/www.futurefilmfestival.it\/en\/wp-json\/wp\/v2\/media?parent=7869"}],"curies":[{"name":"wp","href":"https:\/\/api.w.org\/{rel}","templated":true}]}}