{"id":249,"date":"2021-08-02T14:05:58","date_gmt":"2021-08-02T12:05:58","guid":{"rendered":"https:\/\/www.futurefilmfestival.it\/about\/"},"modified":"2025-12-19T18:27:43","modified_gmt":"2025-12-19T17:27:43","slug":"il-festival","status":"publish","type":"page","link":"https:\/\/www.futurefilmfestival.it\/it\/il-festival\/","title":{"rendered":"IL FESTIVAL"},"content":{"rendered":"<section class=\"wpb-content-wrapper\">[vc_row][vc_column][vc_column_text]\n<h4><strong>IL FESTIVAL<\/strong><\/h4>\n<p><span data-contrast=\"auto\">Il cinema d\u2019animazione \u00e8 la nostra passione. Ma non solo\u2026 per noi \u00e8 la freccia pi\u00f9 alta del contemporaneo, quel contemporaneo che punta alla sintesi, all\u2019interazione continua di segno e senso con gli spettatori che diventano player, giocatori, user, e a loro volta produttori di contenuto.<\/span><span data-ccp-props=\"{&quot;335559738&quot;:100,&quot;335559739&quot;:100}\">\u00a0<\/span><\/p>\n<p><span data-contrast=\"auto\">Insieme all\u2019animazione, infatti, esploriamo con entusiasmo anche il gaming, la realt\u00e0 aumentata, la realt\u00e0 virtuale, il metaverso, il videomapping<\/span><span data-ccp-props=\"{&quot;335559738&quot;:100,&quot;335559739&quot;:100}\">\u00a0<\/span><\/p>\n<p><span data-contrast=\"auto\">Gli effetti visivi, che sono sempre pi\u00f9 utilizzati nelle pellicole in live action, trasformano il reale sfruttando l\u2019animazione e portando il cartoon ad essere protagonista di film e serie come AVATAR, MISSION IMPOSSIBLE, DUNE o LOVE, DEATH AND ROBOTS, STRANGER THINGS e CARNIVAL ROW.<\/span><span data-ccp-props=\"{&quot;335559738&quot;:100,&quot;335559739&quot;:100}\">\u00a0<\/span><\/p>\n<p><i><span data-contrast=\"auto\">Animation is film<\/span><\/i><span data-contrast=\"auto\">: il cinema d\u2019animazione non \u00e8 un genere, ma una tecnica. Ce lo hanno insegnato gli orientali: dal thriller all\u2019horror, dal fantasy al poliziesco, dal fanta-politico al documentario, dalla fiaba al noir. Il motto di #animationisfilm, promosso da Guillermo del Toro parlando del suo ultimo successo Pinocchio, \u00e8 il nostro motto.<\/span><span data-ccp-props=\"{&quot;335559738&quot;:100,&quot;335559739&quot;:100}\">\u00a0<\/span><\/p>\n<p><span data-contrast=\"auto\">#animation #cinema #gaming #immersivetechnologies #visualeffects<\/span><span data-ccp-props=\"{&quot;335559738&quot;:100,&quot;335559739&quot;:100}\">\u00a0<\/span><\/p>\n<p>Scopri di pi\u00f9:<br \/>\n<a href=\"https:\/\/www.canva.com\/design\/DAGcALPK0DA\/7rmwby-HuquoPRFD6iLjWw\/view?utm_content=DAGcALPK0DA&amp;utm_campaign=designshare&amp;utm_medium=link2&amp;utm_source=uniquelinks&amp;utlId=h4afa6f8bcb#1\" target=\"_blank\" rel=\"noopener\">Presentazione (ITA)<\/a>[\/vc_column_text][\/vc_column][\/vc_row][vc_row][vc_column][vc_video link=&#8221;https:\/\/youtu.be\/uiaXj5TVRDE&#8221;][\/vc_column][\/vc_row][vc_row][vc_column][vc_column_text]<strong>LA NOSTRA STORIA<\/strong><\/p>\n<p>IL CINEMA DEL FUTURO | IL FUTURO (NON SOLO) DEL CINEMA<\/p>\n<p><span data-contrast=\"auto\">Il Future Film Festival nasce alle soglie del 2000, anno emblematico di un futuro imminente e lontanissimo allo stesso tempo, che Kubrick gi\u00e0 alla fine degli anni Sessanta raccontava con un visionario messaggio: \u201cIl fatto terribile riguardo all\u2019universo non \u00e8 la sua ostilit\u00e0 ma al contrario la sua indifferenza. Per quanto sia vasto il buio l\u00e0 fuori noi dovremo sempre supplire con la nostra piccola luce\u201d. (Stanley Kubrick, 1969).<\/span><span data-ccp-props=\"{&quot;335559738&quot;:100,&quot;335559739&quot;:100}\">\u00a0<\/span><\/p>\n<p><span data-contrast=\"auto\">Il futuro visto come grande ignoto e come momento di ripensamento della figura dell\u2019uomo nell\u2019universo e in una scala cosmica. \u201cLa distruzione dell\u2019universo non avrebbe alcun significato se guardata dal punto di vista di una grandezza cosmica\u201d.<\/span><span data-ccp-props=\"{&quot;335559738&quot;:100,&quot;335559739&quot;:100}\">\u00a0<\/span><\/p>\n<p><span data-contrast=\"auto\">Anche il cinema alla fine degli Anni Novanta subiva grandi trasformazioni e andava incontro all\u2019ignoto. Il computer diventava centrale nell\u2019elaborazione delle immagini e allo stesso tempo nella vita quotidiana delle persone (e-mail, World Wide Web).<\/span><span data-ccp-props=\"{&quot;335559738&quot;:100,&quot;335559739&quot;:100}\">\u00a0<\/span><\/p>\n<p><span data-contrast=\"auto\">Dalla presenza \u2018intelligente\u2019 di un computer in 2001 Odissea nello spazio, futuribile visione del genio di Kubrick, si passa ai computer in grado di generare immagini in movimento.<\/span><span data-ccp-props=\"{&quot;335559738&quot;:100,&quot;335559739&quot;:100}\">\u00a0<\/span><\/p>\n<p><span data-contrast=\"auto\">E la finzione, il gioco tra reale e virtuale, l\u2019incursione di attori reali in scenari virtuali, o personaggi digitali in set reali, crea la pi\u00f9 magica illusione di tutti i tempi, quella sognata gi\u00e0 da George Meli\u00e8s. Il cinema d\u2019animazione, segno magico della finzione per eccellenza, non pu\u00f2 che entrare a pieno titolo in questo universo.<\/span><span data-ccp-props=\"{&quot;335559738&quot;:100,&quot;335559739&quot;:100}\">\u00a0<\/span><\/p>\n<p><span data-contrast=\"auto\">Anno 2006. Il Time Magazine mette come \u201cperson of the year\u201d uno schermo del computer con scritto YOU. Nel sottotitolo la spiegazione \u201cSi, tu controlli l\u2019era dell\u2019informazione. Benvenuto nel tuo mondo.\u201d<\/span><span data-ccp-props=\"{&quot;335559738&quot;:100,&quot;335559739&quot;:100}\">\u00a0<\/span><\/p>\n<p><span data-contrast=\"auto\">Lo stesso cinema si appropria di questa evidenza: sempre pi\u00f9 diventano importanti esperienze extra-wide screen come i video games, YouTube (nato appunto nel febbraio 2005), i mobile-devices, le serie, il cinema come giostra con gli occhiali 3D, fino alla VR di oggi che rende protagonista lo spettatore, trasformandolo in player.<\/span><span data-ccp-props=\"{&quot;335559738&quot;:100,&quot;335559739&quot;:100}\">\u00a0<\/span><\/p>\n<p><span data-contrast=\"auto\">Di pi\u00f9, oggi il produttore di immagini deve confrontarsi con tanti altri produttori \u2018amatoriali\u2019. La definizione open source, o opera aperta se la vogliamo chiamare \u2018alla vecchia\u2019, entra con diritto anche nel mondo del cinema.<\/span><span data-ccp-props=\"{&quot;335559738&quot;:100,&quot;335559739&quot;:100}\">\u00a0<\/span><\/p>\n<p><span data-contrast=\"auto\">Come afferma Guido Bartorelli in Art Tube (edizioni Cleup 2010), uno dei film emblematici di questo cambiamento di rotta del rapporto tra cinema, produttori e spettatori \u00e8 Be Kind Rewind di Michel Gondry (2008).<\/span><span data-ccp-props=\"{&quot;335559738&quot;:100,&quot;335559739&quot;:100}\">\u00a0<\/span><\/p>\n<p><span data-contrast=\"auto\">\u201cSono i consumatori che si appropriano liberamente dei film che amano (\u2026). In questo modo un\u2019intera collettivit\u00e0 diventa prosumer.\u201d Dove non \u00e8 tanto importante l\u2019alta qualit\u00e0 dell\u2019immagine, quanto invece la sua trasformabilit\u00e0, che la rende vicina a noi.<\/span><span data-ccp-props=\"{&quot;335559738&quot;:100,&quot;335559739&quot;:100}\">\u00a0<\/span><\/p>\n<p><span data-contrast=\"auto\">Ecco il grande garbuglio da cui, infine, traiamo contenuti e ispirazioni per il programma del Future Film Festival. \u201cIl film non ha ancora percepito il suo vero senso, le sue reali possibilit\u00e0\u2026 esse consistono nella possibilit\u00e0 che gli \u00e8 peculiare di portare all\u2019espressione con mezzi naturali e con una capacit\u00e0 di convincimento assolutamente incomparabile ci\u00f2 che \u00e8 magico, meraviglioso, sovrannaturale\u201d. (Walter Benjamin, L\u2019opera d\u2019arte nell\u2019epoca della sua riproducibilit\u00e0 tecnica, Einaudi ristampa 2000).<\/span><span data-ccp-props=\"{&quot;335559738&quot;:100,&quot;335559739&quot;:100}\">\u00a0<\/span><\/p>\n<h4><strong>IL BOARD OF HONOR<\/strong><\/h4>\n<p>Il board of honor del Festival conta personalit\u00e0 quali:<\/p>\n<p>Bill Laswell (USA, musicista, compositore), Leslie Iwerks (USA, regista), Bruno Bozzetto (regista, animatore), Joe Cornish (USA, regista), Peter Lord (UK, regista e co-fondatore Aardman Animations), Priit Parn (Estonia, regista, animatore), Silvia Pompei (animatrice), Bill Plympton (USA, regista, animatore), Ikue Mori (Giappone, musicista, compositrice), Raul Garcia (USA, regista), Bruce Sterling (USA, scrittore, saggista), Barry Purves (UK, regista, animatore), Beto Shibata (Brasile, graphic designer), Massimo Caiazzo, Laurina Paperina, Superdeux, Laurence Gartel, Antonio Riello, Pablo Echaurren, Luigi Presicce, Andrew Spradbery, Kensuke Koike, Eleuro, DEM, Matteo Capobianco, Michael Dumontier, Marina Bolmini, Alex Pinna, Studio Croma, Igor Imhoff, Rebecca Michelini, Yumi Karasumaru.<\/p>\n<h4>GLI ARTISTI DEL FESTIVAL<\/h4>\n<p><a href=\"https:\/\/www.futurefilmfestival.it\/it\/il-festival\/24frame-gli-artisti-del-festival-1999-2023-4\/\" rel=\"attachment wp-att-5907\">24Frame-Gli Artisti del Festival (1999-2023)<\/a><\/p>\n<h4>CREDITS 2025<\/h4>\n<p><span data-contrast=\"auto\">24FRAME Future Film Fest <\/span><br \/>\n<span data-contrast=\"auto\">XXV edizione<\/span><span data-ccp-props=\"{}\">\u00a0<\/span><\/p>\n<p><span data-contrast=\"auto\"><strong>Giulietta Fara<\/strong> Direzione artistica <\/span><br \/>\n<span data-contrast=\"auto\"><strong>Andrea Minetto<\/strong> Direzione generale<\/span><br \/>\n<span data-contrast=\"auto\"><strong>Roberto Calari<\/strong> Consigliere delegato Doc Servizi\u00a0<\/span><span data-ccp-props=\"{}\">\u00a0<\/span><\/p>\n<p><span data-contrast=\"auto\"><strong>Mauro Luccarini<\/strong> Art direction e grafica<\/span><span data-ccp-props=\"{}\">\u00a0<\/span><\/p>\n<p><span data-contrast=\"auto\"><strong>Aurora Ventura<\/strong> Segreteria organizzativa e coordinamento comunicazione<\/span><br \/>\n<span data-contrast=\"auto\"><strong>Silvia Michelangeli<\/strong> Responsabile Sostenibilit\u00e0 e Amministrazione<\/span><br \/>\n<span data-contrast=\"auto\"><strong>Alessandra D\u2019Aloise<\/strong> Accoglienza e coordinamento scuole<\/span><span data-ccp-props=\"{}\">\u00a0<\/span><\/p>\n<p><span data-contrast=\"auto\"><strong>Stefano Zanni<\/strong> Responsabile di produzione<\/span><br \/>\n<span data-contrast=\"auto\"><strong>Rebecca Di Ponzio<\/strong> Bandi e produzione<\/span><br \/>\n<span data-contrast=\"auto\"><strong>Samuele Birmani<\/strong> Programmazione, coordinamento sottotitoli<\/span><span data-ccp-props=\"{}\">\u00a0<\/span><\/p>\n<p><span data-contrast=\"auto\"><strong>Marco Vidale<\/strong> Comunicazione social e sito<\/span><br \/>\n<span data-contrast=\"auto\"><strong>Nausicaa Dalla Torre<\/strong> Grafica digital<\/span><br \/>\n<span data-contrast=\"auto\"><strong>Livio Sergi<\/strong> Video making e video editing<\/span><span data-ccp-props=\"{}\">\u00a0<\/span><\/p>\n<p><span data-contrast=\"auto\"><strong>Cristiana Ferrari<\/strong>, <strong>Margherita Giusti<\/strong> <strong>Hazon<\/strong><\/span><br \/>\n<span data-contrast=\"auto\">Ass. <strong>Atelier Spazio Xp\u00f2<\/strong><\/span><br \/>\n<span data-contrast=\"auto\">Ufficio stampa\u00a0<\/span><span data-ccp-props=\"{}\">\u00a0<\/span><\/p>\n<p><span data-contrast=\"auto\"><strong>Margherita Sgobbi<\/strong>, <strong>Giovanna Pilar Campanella<\/strong><\/span><br \/>\n<span data-contrast=\"auto\">Segreteria Generale<\/span><span data-ccp-props=\"{}\">\u00a0<\/span><\/p>\n<p><span data-contrast=\"auto\"><strong>Guglielmo Onofri<\/strong> Tecnico e runner<\/span><br \/>\n<span data-contrast=\"auto\"><strong>Martina Di Francesco, Aurora Fanetti, Alessandro Leombruni, Andrea Milesi, Giulia Silano<\/strong> Proiezionisti<\/span><br \/>\n<span data-contrast=\"auto\"><strong>Emma Baruffaldi, Anna Grimaldi, Alessandro Leombruni<\/strong> Traduttori sottotitoli<\/span><span data-ccp-props=\"{}\">\u00a0<\/span><\/p>\n<p><span data-contrast=\"auto\"><strong>Pietro Cirillo<\/strong> Amministrazione e finanza <\/span><br \/>\n<span data-contrast=\"auto\"><strong>Roberta Bargiggia<\/strong>, <strong>Giulia Bussola<\/strong>, <\/span><br \/>\n<span data-contrast=\"auto\"><strong>Giulia Sergiampietri<\/strong> &#8211; Doc Project Ufficio progettazione <\/span><br \/>\n<span data-contrast=\"auto\"><strong>Giovanna Ceccacci<\/strong>, <strong>Giulia Plebani<\/strong>, <strong>Francesco Cisco Sponsor<\/strong> e partner<\/span><br \/>\n<span data-contrast=\"auto\"><strong>Barbara Alberti<\/strong> \u2013 Stea Progettazione e sicurezza<\/span><span data-ccp-props=\"{}\">\u00a0<\/span><\/p>\n<p><span data-contrast=\"auto\"><strong>Ivan Venturi<\/strong>,<strong> Silvia Teodosi<\/strong>, <strong>Alessio Brusori<\/strong> &#8211; Power up Team Best gameplay<\/span><br \/>\n<span data-contrast=\"auto\"><strong>Time Warp Travel<\/strong> Logistica e viaggi<\/span><span data-ccp-props=\"{}\">\u00a0<\/span><\/p>\n<p><span data-contrast=\"auto\"><strong>Mantica Solution<\/strong> Sito web<\/span><span data-ccp-props=\"{}\">\u00a0<\/span><\/p>\n<p><span data-contrast=\"auto\"><strong>Yumi Karasumaru<\/strong> Immagine 24FRAME Future Film Fest 2025<\/span><span data-ccp-props=\"{}\">\u00a0<\/span><\/p>\n<p><strong>24FRAME Future Film Fest<\/strong> fa parte di AFIC, Associazione Festival italiani di cinema<\/p>\n<p>24FRAME Future Film Fest \u00e8 organizzato da <strong>DOC Servizi Soc. Coop.<\/strong>, il pi\u00f9 grande network cooperativo di professionisti che da oltre trent\u2019anni offre servizi di qualit\u00e0 ad aziende, enti e istituzioni in tutte le filiere culturali e creative.<\/p>\n<p><strong>DOC Servizi Soc. Coop.<\/strong><br \/>\nvia L. Pirandello, 31\/B &#8211; 37138 Verona<br \/>\nwww.docservizi.retedoc.net<\/p>\n<p><strong>Demetrio Chiappa<\/strong> Presidente DOC Servizi<br \/>\n<strong>Daniela Furlani<\/strong> Presidente DOC Creativity<\/p>\n<p><strong>UN GRAZIE SPECIALE A\u00a0<\/strong><\/p>\n<p><span data-contrast=\"auto\">Alessandro Gabriele, Alex Pinna, Alessandro Cacace, Alice Bergomi, Alice Catucci, Alice Mazzini, Alvise Avati, Anastasia Cavina, Andrea Galvagni, Andrea Giotti, Andrea Olimpio, Annalisa Commissari, Anna Sbarrai, Annina Wettstein, Antonella Guidazzoli, Antony Nkotpak, Barbara Busi, Bologna Welcome, Bruno Bozzetto, Candida D\u2019Aprile, Carlo Cavazzoni, Chris Wiggum, Chorong Kim, Cinzia Angelini, Claudia Fini, Conservatorio di Musica Giovan Battista Martini, Cristina Francucci, Cristina Scappi, Daniele De Luca, Daniele Del Pozzo, Davide Romani, Davide Zanza, Diego Viezzoli, Donatella Miceli, Edoardo Mazzini, Elena Vai, Elisa Trento, Elisabetta Mongardi, Emilio Varr\u00e0, Emiliano Fasano, Enrico Fornaroli, Erminia Ferrara, Fabio Abagnato, Fabio Fila, Federica Iacobelli, Federica Pasini, Federico Sangiorgi, Francesca Tamascelli, Gabriele Pollastri, Francesco Giomi, Francesco Lina, Franco Valenziano, Gabriel Cazzola, Giacomo Venezia, Giulia Arbace, Giulia Grassini, Giulia Miani, Giorgia Boldrini, Guglielmo Onofri, Hotel Maggiore Irene Gaia Turina, Jack Leslie, Kat D\u2019Adamo, Laura Tolve, Laure Goasguen, Leah Solis, Lucia Brizzi, Lorenzo Respi, Marco Mattioli, Marco Pieri, Maria Chiara Liguori, Martina Lodi, Martino Ghidoni, Massimo Garuti, Matteo Pompili, Marina Bellei, Mario di Nauta, Merle Lenz, Nicola Venturo, Nicoletta Maldini, No\u00e9mie Hutman, Patrizia Pasini, Paul Driessen, Pavla Kallistova, Raffaella Gaddoni, Rita Finzi, Rita Ghedini, Roberto Ferrari, Roberto Guglielmi, Rossella Fino, Sara Pesce, Silvano Imboden, Simone Ranieri, Soojin Chun, Stefano Laddomada, Teo Bernardi, Toshiro Fujiwara, Valeria Rosati, Valentina Mazzola, Vera Capraro, Zeid Nebolousi.\u00a0<\/span><span data-ccp-props=\"{}\">\u00a0<\/span><\/p>\n<h4>CONTATTI<\/h4>\n<p><a href=\"mailto:info@futurefilmfestival.it\">info@futurefilmfestival.it<\/a><\/p>\n<p><span class=\"TextRun SCXW60810498 BCX0\" lang=\"IT-IT\" xml:lang=\"IT-IT\" data-contrast=\"none\"><span class=\"NormalTextRun SCXW60810498 BCX0\">24Frame \u00e8 anche su <a href=\"https:\/\/www.facebook.com\/futurefilmfest\">Facebook<\/a>, <a href=\"https:\/\/www.linkedin.com\/company\/24frame-future-film-fest\/posts\/?feedView=all\">LinkedIn<\/a>, <a href=\"https:\/\/www.instagram.com\/24framefuturefilmfest\/\">Instagram<\/a>: seguici!<\/span><\/span><span class=\"EOP SCXW60810498 BCX0\" data-ccp-props=\"{&quot;134233117&quot;:false,&quot;134233118&quot;:false,&quot;335559738&quot;:240,&quot;335559739&quot;:240}\">\u00a0<\/span>[\/vc_column_text][\/vc_column][\/vc_row]\n<\/section>","protected":false},"excerpt":{"rendered":"<p>[vc_row][vc_column][vc_column_text] IL FESTIVAL Il cinema d\u2019animazione \u00e8 la nostra passione. Ma non solo\u2026 per noi \u00e8 la freccia pi\u00f9 alta del contemporaneo, quel contemporaneo che punta alla sintesi, all\u2019interazione continua di segno e senso con gli spettatori che diventano player, giocatori, user, e a loro volta produttori di contenuto.\u00a0 Insieme all\u2019animazione, infatti, esploriamo con entusiasmo [&hellip;]<\/p>\n","protected":false},"author":1,"featured_media":0,"parent":0,"menu_order":0,"comment_status":"closed","ping_status":"closed","template":"templates\/template-full-width.php","meta":{"footnotes":""},"class_list":["post-249","page","type-page","status-publish","hentry"],"acf":[],"yoast_head":"<!-- This site is optimized with the Yoast SEO plugin v26.3 - https:\/\/yoast.com\/wordpress\/plugins\/seo\/ -->\n<title>IL FESTIVAL - 24FRAME Future Film Fest<\/title>\n<meta name=\"robots\" content=\"index, follow, max-snippet:-1, max-image-preview:large, max-video-preview:-1\" \/>\n<link rel=\"canonical\" href=\"https:\/\/www.futurefilmfestival.it\/it\/il-festival\/\" \/>\n<meta property=\"og:locale\" content=\"it_IT\" \/>\n<meta property=\"og:type\" content=\"article\" \/>\n<meta property=\"og:title\" content=\"IL FESTIVAL - 24FRAME Future Film Fest\" \/>\n<meta property=\"og:description\" content=\"[vc_row][vc_column][vc_column_text] IL FESTIVAL Il cinema d\u2019animazione \u00e8 la nostra passione. Ma non solo\u2026 per noi \u00e8 la freccia pi\u00f9 alta del contemporaneo, quel contemporaneo che punta alla sintesi, all\u2019interazione continua di segno e senso con gli spettatori che diventano player, giocatori, user, e a loro volta produttori di contenuto.\u00a0 Insieme all\u2019animazione, infatti, esploriamo con entusiasmo [&hellip;]\" \/>\n<meta property=\"og:url\" content=\"https:\/\/www.futurefilmfestival.it\/it\/il-festival\/\" \/>\n<meta property=\"og:site_name\" content=\"24FRAME Future Film Fest\" \/>\n<meta property=\"article:modified_time\" content=\"2025-12-19T17:27:43+00:00\" \/>\n<meta property=\"og:image\" content=\"https:\/\/www.futurefilmfestival.it\/wp-content\/uploads\/2024\/05\/FFF2024-logo-positivo-RAPPR.jpg\" \/>\n\t<meta property=\"og:image:width\" content=\"1200\" \/>\n\t<meta property=\"og:image:height\" content=\"675\" \/>\n\t<meta property=\"og:image:type\" content=\"image\/jpeg\" \/>\n<meta name=\"twitter:card\" content=\"summary_large_image\" \/>\n<meta name=\"twitter:label1\" content=\"Tempo di lettura stimato\" \/>\n\t<meta name=\"twitter:data1\" content=\"7 minuti\" \/>\n<script type=\"application\/ld+json\" class=\"yoast-schema-graph\">{\"@context\":\"https:\/\/schema.org\",\"@graph\":[{\"@type\":\"WebPage\",\"@id\":\"https:\/\/www.futurefilmfestival.it\/it\/il-festival\/\",\"url\":\"https:\/\/www.futurefilmfestival.it\/it\/il-festival\/\",\"name\":\"IL FESTIVAL - 24FRAME Future Film Fest\",\"isPartOf\":{\"@id\":\"https:\/\/www.futurefilmfestival.it\/it\/#website\"},\"datePublished\":\"2021-08-02T12:05:58+00:00\",\"dateModified\":\"2025-12-19T17:27:43+00:00\",\"breadcrumb\":{\"@id\":\"https:\/\/www.futurefilmfestival.it\/it\/il-festival\/#breadcrumb\"},\"inLanguage\":\"it-IT\",\"potentialAction\":[{\"@type\":\"ReadAction\",\"target\":[\"https:\/\/www.futurefilmfestival.it\/it\/il-festival\/\"]}]},{\"@type\":\"BreadcrumbList\",\"@id\":\"https:\/\/www.futurefilmfestival.it\/it\/il-festival\/#breadcrumb\",\"itemListElement\":[{\"@type\":\"ListItem\",\"position\":1,\"name\":\"Home\",\"item\":\"https:\/\/www.futurefilmfestival.it\/it\/home\/\"},{\"@type\":\"ListItem\",\"position\":2,\"name\":\"IL FESTIVAL\"}]},{\"@type\":\"WebSite\",\"@id\":\"https:\/\/www.futurefilmfestival.it\/it\/#website\",\"url\":\"https:\/\/www.futurefilmfestival.it\/it\/\",\"name\":\"24FRAME Future Film Fest\",\"description\":\"\",\"publisher\":{\"@id\":\"https:\/\/www.futurefilmfestival.it\/it\/#organization\"},\"potentialAction\":[{\"@type\":\"SearchAction\",\"target\":{\"@type\":\"EntryPoint\",\"urlTemplate\":\"https:\/\/www.futurefilmfestival.it\/it\/?s={search_term_string}\"},\"query-input\":{\"@type\":\"PropertyValueSpecification\",\"valueRequired\":true,\"valueName\":\"search_term_string\"}}],\"inLanguage\":\"it-IT\"},{\"@type\":\"Organization\",\"@id\":\"https:\/\/www.futurefilmfestival.it\/it\/#organization\",\"name\":\"24FRAME Future Film Fest\",\"url\":\"https:\/\/www.futurefilmfestival.it\/it\/\",\"logo\":{\"@type\":\"ImageObject\",\"inLanguage\":\"it-IT\",\"@id\":\"https:\/\/www.futurefilmfestival.it\/it\/#\/schema\/logo\/image\/\",\"url\":\"https:\/\/www.futurefilmfestival.it\/wp-content\/uploads\/2024\/05\/FFF2024-logo-positivo-RAPPR.jpg\",\"contentUrl\":\"https:\/\/www.futurefilmfestival.it\/wp-content\/uploads\/2024\/05\/FFF2024-logo-positivo-RAPPR.jpg\",\"width\":1200,\"height\":675,\"caption\":\"24FRAME Future Film Fest\"},\"image\":{\"@id\":\"https:\/\/www.futurefilmfestival.it\/it\/#\/schema\/logo\/image\/\"}}]}<\/script>\n<!-- \/ Yoast SEO plugin. -->","yoast_head_json":{"title":"IL FESTIVAL - 24FRAME Future Film Fest","robots":{"index":"index","follow":"follow","max-snippet":"max-snippet:-1","max-image-preview":"max-image-preview:large","max-video-preview":"max-video-preview:-1"},"canonical":"https:\/\/www.futurefilmfestival.it\/it\/il-festival\/","og_locale":"it_IT","og_type":"article","og_title":"IL FESTIVAL - 24FRAME Future Film Fest","og_description":"[vc_row][vc_column][vc_column_text] IL FESTIVAL Il cinema d\u2019animazione \u00e8 la nostra passione. Ma non solo\u2026 per noi \u00e8 la freccia pi\u00f9 alta del contemporaneo, quel contemporaneo che punta alla sintesi, all\u2019interazione continua di segno e senso con gli spettatori che diventano player, giocatori, user, e a loro volta produttori di contenuto.\u00a0 Insieme all\u2019animazione, infatti, esploriamo con entusiasmo [&hellip;]","og_url":"https:\/\/www.futurefilmfestival.it\/it\/il-festival\/","og_site_name":"24FRAME Future Film Fest","article_modified_time":"2025-12-19T17:27:43+00:00","og_image":[{"width":1200,"height":675,"url":"https:\/\/www.futurefilmfestival.it\/wp-content\/uploads\/2024\/05\/FFF2024-logo-positivo-RAPPR.jpg","type":"image\/jpeg"}],"twitter_card":"summary_large_image","twitter_misc":{"Tempo di lettura stimato":"7 minuti"},"schema":{"@context":"https:\/\/schema.org","@graph":[{"@type":"WebPage","@id":"https:\/\/www.futurefilmfestival.it\/it\/il-festival\/","url":"https:\/\/www.futurefilmfestival.it\/it\/il-festival\/","name":"IL FESTIVAL - 24FRAME Future Film Fest","isPartOf":{"@id":"https:\/\/www.futurefilmfestival.it\/it\/#website"},"datePublished":"2021-08-02T12:05:58+00:00","dateModified":"2025-12-19T17:27:43+00:00","breadcrumb":{"@id":"https:\/\/www.futurefilmfestival.it\/it\/il-festival\/#breadcrumb"},"inLanguage":"it-IT","potentialAction":[{"@type":"ReadAction","target":["https:\/\/www.futurefilmfestival.it\/it\/il-festival\/"]}]},{"@type":"BreadcrumbList","@id":"https:\/\/www.futurefilmfestival.it\/it\/il-festival\/#breadcrumb","itemListElement":[{"@type":"ListItem","position":1,"name":"Home","item":"https:\/\/www.futurefilmfestival.it\/it\/home\/"},{"@type":"ListItem","position":2,"name":"IL FESTIVAL"}]},{"@type":"WebSite","@id":"https:\/\/www.futurefilmfestival.it\/it\/#website","url":"https:\/\/www.futurefilmfestival.it\/it\/","name":"24FRAME Future Film Fest","description":"","publisher":{"@id":"https:\/\/www.futurefilmfestival.it\/it\/#organization"},"potentialAction":[{"@type":"SearchAction","target":{"@type":"EntryPoint","urlTemplate":"https:\/\/www.futurefilmfestival.it\/it\/?s={search_term_string}"},"query-input":{"@type":"PropertyValueSpecification","valueRequired":true,"valueName":"search_term_string"}}],"inLanguage":"it-IT"},{"@type":"Organization","@id":"https:\/\/www.futurefilmfestival.it\/it\/#organization","name":"24FRAME Future Film Fest","url":"https:\/\/www.futurefilmfestival.it\/it\/","logo":{"@type":"ImageObject","inLanguage":"it-IT","@id":"https:\/\/www.futurefilmfestival.it\/it\/#\/schema\/logo\/image\/","url":"https:\/\/www.futurefilmfestival.it\/wp-content\/uploads\/2024\/05\/FFF2024-logo-positivo-RAPPR.jpg","contentUrl":"https:\/\/www.futurefilmfestival.it\/wp-content\/uploads\/2024\/05\/FFF2024-logo-positivo-RAPPR.jpg","width":1200,"height":675,"caption":"24FRAME Future Film Fest"},"image":{"@id":"https:\/\/www.futurefilmfestival.it\/it\/#\/schema\/logo\/image\/"}}]}},"_links":{"self":[{"href":"https:\/\/www.futurefilmfestival.it\/it\/wp-json\/wp\/v2\/pages\/249","targetHints":{"allow":["GET"]}}],"collection":[{"href":"https:\/\/www.futurefilmfestival.it\/it\/wp-json\/wp\/v2\/pages"}],"about":[{"href":"https:\/\/www.futurefilmfestival.it\/it\/wp-json\/wp\/v2\/types\/page"}],"author":[{"embeddable":true,"href":"https:\/\/www.futurefilmfestival.it\/it\/wp-json\/wp\/v2\/users\/1"}],"replies":[{"embeddable":true,"href":"https:\/\/www.futurefilmfestival.it\/it\/wp-json\/wp\/v2\/comments?post=249"}],"version-history":[{"count":39,"href":"https:\/\/www.futurefilmfestival.it\/it\/wp-json\/wp\/v2\/pages\/249\/revisions"}],"predecessor-version":[{"id":8262,"href":"https:\/\/www.futurefilmfestival.it\/it\/wp-json\/wp\/v2\/pages\/249\/revisions\/8262"}],"wp:attachment":[{"href":"https:\/\/www.futurefilmfestival.it\/it\/wp-json\/wp\/v2\/media?parent=249"}],"curies":[{"name":"wp","href":"https:\/\/api.w.org\/{rel}","templated":true}]}}