{"id":3220,"date":"2023-02-02T12:53:58","date_gmt":"2023-02-02T11:53:58","guid":{"rendered":"https:\/\/www.futurefilmfestival.it\/?page_id=3220"},"modified":"2023-05-23T11:59:37","modified_gmt":"2023-05-23T09:59:37","slug":"privacy-policy-v-1","status":"publish","type":"page","link":"https:\/\/www.futurefilmfestival.it\/it\/privacy-policy-v-1\/","title":{"rendered":"Privacy Policy V.1"},"content":{"rendered":"<p>DOC Servizi Soc. Coop. \u00e8 lieta della Tua visita al suo sito internet. La protezione dei dati e la sicurezza degli stessi sono molto importanti per noi. Pertanto, vorremmo informarTi sui dati personali che raccogliamo durante la Tua visita sul nostro sito internet e per quali finalit\u00e0 vengono trattati. La presente informativa \u00e8 resa ai sensi dell\u2019articolo 13 Regolamento 2016\/679\/UE \u201cGDPR\u201d e della normativa nazionale attualmente in vigore in materia di protezione dei dati personali.<\/p>\n<p>I dati personali che ci verranno comunicati saranno trattati in modo strettamente confidenziale, in conformit\u00e0 alla legge sulla protezione dei dati ed alla presente Informativa sulla Privacy.<\/p>\n<p>Poich\u00e9 le modifiche alla legge o le modifiche ai nostri processi interni possono rendere necessario un adattamento della nostra politica sulla privacy, Ti chiediamo di leggere regolarmente l\u2019Informativa sulla privacy.<\/p>\n<p class=\"style1\">1\u00a0<u>Il Titolare e le Finalit\u00e0<\/u><\/p>\n<p>Il Titolare del trattamento ai sensi del Regolamento sulla Protezione dei Dati Personali (di seguito: GDPR) e i suoi dati di contatto sono:<\/p>\n<p>DOC Servizi Soc. Coop.<br \/>\nVia L. Pirandello n.31\/B &#8211; 37138 Verona (VR)<br \/>\nP. IVA 02198100238<br \/>\n<a href=\"mailto:info@futurefilmfestival.it\">info@futurefilmfestival.it<\/a><\/p>\n<p>Sito: <a href=\"http:\/\/www.futurefilmfestival.it\/\">www.futurefilmfestival.it<\/a><\/p>\n<p>Questa informativa sulla privacy dei dati si applica al sito internet di DOC Servizi Soc. Coop.\u00a0 accessibile all&#8217; indirizzo <a href=\"http:\/\/www.futurefilmfestival.it\/\">www.futurefilmfestival.it<\/a><\/p>\n<p>&nbsp;<\/p>\n<p class=\"style1\">2\u00a0<u>Principi del Trattamento dei Dati Personali<\/u><\/p>\n<p>In generale, i dati personali sono tutte le informazioni relative a una persona fisica identificata o identificabile. Questo include informazioni quali nome, et\u00e0, indirizzo, numero di telefono, data di nascita, indirizzo e-mail, indirizzo IP o comportamento dell\u2019utente. Le informazioni che non possono essere ricollegate alla Tua persona, ad es. anonimizzando l\u2019informazione, non sono date personali. Il trattamento dei dati personali (ad es. raccolta, recupero, utilizzo, archiviazione o trasmissione) richiede sempre una base giuridica o il Tuo consenso.<\/p>\n<p>I dati personali trattati saranno cancellati non appena la finalit\u00e0 del trattamento sar\u00e0 stata conseguita e non siano previsti dalla legge obblighi legali di conservazione.<\/p>\n<p>Ti preghiamo di leggere sotto le informazioni sui processi specifici, l\u2019ambito e le finalit\u00e0 del trattamento dei dati, la base giuridica per il trattamento e il rispettivo periodo di conservazione.<\/p>\n<p>&nbsp;<\/p>\n<p class=\"style1\"><u>3) Il Trattamento dei Dati<\/u><\/p>\n<p>3.1.\u00a0<u>Sito Internet<\/u><\/p>\n<p>3.1.a. Ambito e Finalit\u00e0 del Trattamento<\/p>\n<p>Registriamo e utilizziamo i dati personali dei nostri utenti solo nella misura necessaria per il corretto accesso e per la completa consultazione del nostro sito internet e dei relativi contenuti e servizi.<\/p>\n<p>Quando accedi e utilizzi il nostro sito internet, raccogliamo solo i dati personali che il browser trasmette automaticamente al nostro server. Queste informazioni sono temporaneamente memorizzate in un cosiddetto file di registro. Le seguenti informazioni vengono registrate senza il Tuo intervento e memorizzate fino a quando non vengono automaticamente eliminate:<\/p>\n<ul>\n<li>Indirizzo IP del computer richiedente,<\/li>\n<li>Data e ora di accesso,<\/li>\n<li>Nome e URL del file recuperato,<\/li>\n<li>Sito Internet da cui viene effettuato l\u2019accesso (URL referrer),<\/li>\n<li>Browser utilizzato e, se applicabile, il sistema operativo del computer e il nome del proprio fornitore di accesso.<\/li>\n<\/ul>\n<p>I dati menzionati saranno trattati per le seguenti finalit\u00e0:<\/p>\n<ul>\n<li>Amministrazione generale<\/li>\n<li>Assicurazione di una connessione fluida al sito internet,<\/li>\n<li>Garanzia di un uso agevole del nostro sito internet<\/li>\n<\/ul>\n<p>3.1.b. Base Giuridica<\/p>\n<p>L\u2019art. 6 par.1, lett. f) GDPR costituisce la base giuridica per l\u2019elaborazione dei dati. Il trattamento dei dati menzionati \u00e8 necessario per la fornitura dei nostri servizi e serve quindi a proteggere un legittimo interesse della nostra azienda.<\/p>\n<p>3.1.c. Cancellazione dei dati e Periodo di Conservazione<\/p>\n<p>I Tuoi dati personali vengono cancellati o bloccati non appena raggiunta la finalit\u00e0\/lo scopo della memorizzazione. La raccolta di dati per la fornitura del sito Internet e la memorizzazione dei dati nei file di registro \u00e8 assolutamente necessaria per il funzionamento del sito internet. Di conseguenza, non vi \u00e8 alcuna possibilit\u00e0 di opposizione per l\u2019utente. Ulteriore conservazione pu\u00f2 avvenire in singoli casi se ci\u00f2 \u00e8 richiesto dalla legge.<\/p>\n<p>&nbsp;<\/p>\n<p>3.2.\u00a0<u>Newsletter<\/u><\/p>\n<p>3.2.a. Ambito e Finalit\u00e0 del Trattamento<\/p>\n<p>Sul nostro sito internet potrai registarTi alla nostra newsletter gratuita. La newsletter ti informa sulle nuove iniziative in programma e su tutte le attivit\u00e0 dalle proiezioni ai laboratori che il Future Film Festival organizza o di cui \u00e8 promotore. Per la registrazione, abbiamo bisogno del Tuo indirizzo e-mail. Se non desideri che usiamo le Tue informazioni, Ti preghiamo di astenerli dall\u2019inserirle.<\/p>\n<p>3.2.b. Base Giuridica<\/p>\n<p>Il trattamento dei Tuoi dati personali per la newsletter si basa sul Tuo consenso, liberamente espresso ai sensi dell\u2019art. 6 par. 1, lett. a) GDPR:<\/p>\n<p>Se Ti sei registrato per la newsletter, hai prestato la seguente dichiarazione di consenso:<\/p>\n<p>\u201cDo il consenso al trattamento dei miei dati personali per il servizio di newsletter dopo aver letto l\u2019informativa specifica e la privacy policy\u201d.<\/p>\n<p>Puoi revocare questo consenso in qualsiasi momento e senza fornire spiegazioni utilizzando il link di cancellazione dell\u2019iscrizione all\u2019interno di ogni newsletter con effetto per il futuro.<\/p>\n<p>3.2.c. Tempo di conservazione<\/p>\n<p>Il Tuo indirizzo e-mail sar\u00e0 conservato per tutto il tempo in cui \u00e8 iscritto alla newsletter. Dopo aver annullato l\u2019iscrizione alla newsletter, il Tuo indirizzo e-mail sar\u00e0 cancellato. Ulteriore conservazione pu\u00f2 avvenire in singoli casi se ci\u00f2 \u00e8 richiesto dalla legge.<\/p>\n<p>3.2.d. Destinatari<\/p>\n<p>L\u2019invio di newsletter \u00e8 effettuato tramite la piattaforma SendinBlue, per la cui informativa sul trattamento dei dati personali si rimanda al sito <a href=\"https:\/\/it.sendinblue.com\/legal\/privacypolicy\/\">https:\/\/it.sendinblue.com\/legal\/privacypolicy\/<\/a><\/p>\n<p>SendinBlue \u00e8 una piattaforma di marketing online gestita da <strong>Sendinblue SAS\u00a0<\/strong> una societ\u00e0 con sede a Parigi in Francia.<\/p>\n<p>SendinBlue dichiara di adottare appropriate e adeguate misure di sicurezza, sia tecniche che organizzative, per proteggere i dati personali da perdita, abuso, accesso non autorizzato, diffusione illecita, alterazione e distruzione, avendo valutato i rischi relativi alle attivit\u00e0 di trattamento e alla natura dei dati personali gestiti. Ulteriori informazioni sulle pratiche di sicurezza e di GDPR sono disponibili al seguente link\u00a0 https:\/\/it.sendinblue.com\/legal\/termsofuse<\/p>\n<p>Qualsiasi richiesta relativa alla sicurezza dei dati personali pu\u00f2 essere inviata tramite il seguente indirizzo email\u00a0<a href=\"privacy@sendinblue.com\">privacy@sendinblue.com<\/a><\/p>\n<p>&nbsp;<\/p>\n<p class=\"style1\">4<u>\u00a0Trasferimenti a terze Parti<\/u><\/p>\n<p>Trasmetteremo i tuoi dati personali per l\u2019erogazione dei servizi solo ai soggetti autorizzati sopra menzionati, e a fornitori di infrastrutture informatiche per la gestione del servizio.<\/p>\n<p>Non trasmetteremo, venderemo o scambieremo i tuoi dati con terze parti esterne alla nostra organizzazione.<\/p>\n<p>&nbsp;<\/p>\n<p class=\"style1\">5 <u>I Tuoi diritti come Soggetto Interessato<\/u><\/p>\n<p>Se i Tuoi dati personali vengono trattati, sei un Soggetto Interessato ai sensi del Regolamento Generale sulla protezione dei dati (GDPR) e i seguenti diritti si applicano a Te:<\/p>\n<ul>\n<li>Ai sensi dell\u2019art. 15 GDPR puoi richiedere informazioni sui Tuoi dati personali trattati da noi. In particolare, \u00e8 possibile ottenere informazioni sulle finalit\u00e0 del trattamento, le categorie di dati personali, le categorie di destinatari a cui i dati sono stati o saranno comunicati, il periodo di archiviazione pianificato, l\u2019esistenza di un diritto di rettifica, cancellazione, restrizione di elaborazione o di opposizione, il diritto di sporgere denuncia presso un\u2019autorit\u00e0 di controllo, l\u2019origine dei dati dell\u2019utente, se non raccolti da noi, in merito al trasferimento verso paesi terzi o organizzazioni internazionali e l\u2019esistenza di processi decisionali automatizzati, tra cui la profilazione e se del caso, informazioni significative sulla logica coinvolta<\/li>\n<li>Ai sensi dell\u2019art. 16 GDPR puoi immediatamente richiedere la correzione di dati errati o il completamento dei Tuoi dati personali memorizzati con noi.<\/li>\n<li>Ai sensi dell\u2019art. 17 GDPR, puoi richiedere la cancellazione dei Tuoi dati personali da noi archiviati, a condizione che il trattamento non sia necessario per esercitare il diritto alla libert\u00e0 di espressione e informazione, per adempiere un obbligo legale, per motivi di interesse pubblico o per affermare, esercitare o difendere reclami.<\/li>\n<\/ul>\n<p>Ai sensi dell\u2019art. 18 GDPR, pu\u00f2 richiedere la limitazione del trattamento dei Tuoi dati personali se contesti l\u2019accuratezza dei dati, se il trattamento \u00e8 illegale, se non abbiamo pi\u00f9 bisogno dei dati e se rifiutti la loro cancellazione perch\u00e9 hai bisogno di stabilire, esercitare o difendere il diritto di reclamo. Hai anche il diritto di cui all\u2019art. 18 GDPR in caso di opposizione al trattamento ai sensi dell\u2019art. 21 GDPR.<\/p>\n<p>Ai sensi dell\u2019art. 20 GDPR, puoi richiedere che i dati personali che ci hai fornito siano ricevuti in un formato strutturato, attuale e leggibile da una macchina o che Tu possa richiederne la trasmissione ad un\u2019altra persona responsabile.<\/p>\n<p>Ai sensi dell\u2019art. 7 paragrafo 3 GDPR puoi rievocare il Tuo consenso in qualsiasi momento. Di conseguenza, non \u00e8 pi\u00f9 consentito continuare l\u2019elaborazione dei dati basata su questo consenso per il futuro.<\/p>\n<p>Ai sensi dell\u2019Art. 77 GDPR, hai il diritto di sporgere reclamo presso un\u2019Autorit\u00e0 di controllo. \u00c8 possibile contattare l\u2019Autorit\u00e0 di controllo della propria residenza abituale, luogo di lavoro o sede della nostra societ\u00e0.<\/p>\n<p>Pu\u00f2 esercitare questi diritti contattando DOC Servizi Soc. Coop. tramite l\u2019indirizzo di posta elettronica <a href=\"mailto:info@futurefilmfestival.it\">info@futurefilmfestival.it<\/a><\/p>\n<p>&nbsp;<\/p>\n<p class=\"style1\">6<u>\u00a0Diritto all\u2019opposizione<\/u><\/p>\n<p>Quando il trattamento dei dati personali \u00e8 basato su un interesse legittimo ai sensi dell\u2019art. 6 paragrafo 1, lett. f) GDPR,potrai opporTi al trattamento dei Tuoi dati personali ai sensi dell\u2019art. 21 GDPR, a condizione che ci siano ragioni che derivano dalla Sua situazione particolare.<\/p>\n<p>Per favore comunica la Tua opposizione contattando DOC Servizi Soc. Coop. tramite l\u2019indirizzo di posta elettronica <a href=\"mailto:info@futurefilmfestival.it\">info@futurefilmfestival.it<\/a><\/p>\n<p>&nbsp;<\/p>\n<p class=\"style1\">7<u>\u00a0Misure di sicurezza e protezione dei dati<\/u><\/p>\n<p>Ci impegniamo a proteggere la Tua privacy e a trattare i Tuoi dati personali in modo riservato. Al fine di evitare manipolazioni, perdita o uso improprio dei dati archiviati con noi, adottiamo misure tecniche e organizzative approfondite, che vengono regolarmente controllate e adattate al progresso tecnologico.<\/p>\n<p>Tuttavia, vorremmo sottolineare che, a causa della struttura di Internet, \u00e8 possibile che le norme sulla protezione dei dati e le misure di sicurezza sopra menzionate non siano osservate da altre persone o istituzioni per le quali non siamo responsabili.<\/p>\n<p>Proteggiamo i tuoi dati utilizzando il protocollo Secure Sockets Layer (SSL). SSL \u00e8 una funzione che cifra tutte le informazioni trasmesse.<\/p>\n<p>&nbsp;<\/p>\n<p class=\"style1\">8<u>\u00a0Social media<\/u><\/p>\n<p>Utilizziamo piattaforme social per promuovere collezioni, eventi e offerte dedicate ai clienti. Ciascuna piattaforma social ha adottato una propria privacy policy e tratta i dati personali sulla base di principi leciti.<\/p>\n<p>Facebook e Instagram<\/p>\n<p>Quando visiti la pagina Facebook o il profilo Instagram di DOC Servizi Soc. Coop., Facebook (Facebook Inc., 1601 Willow Road, Menlo Park, CA 94025, USA) riconosce il tuo profilo e lo ricollega al dispositivo da te utilizzato per la navigazione oltre a ricevere informazioni sulla visita effettuata alla pagina attraverso il tuo indirizzo IP. Puoi consultare la Privacy Policy di Facebook<\/p>\n<p><a href=\"https:\/\/www.facebook.com\/privacy\/explanation\">https:\/\/www.facebook.com\/privacy\/explanation<\/a><\/p>\n<p>oppure la Privacy Policy di Instagram (https:\/\/help.instagram.com\/519522125107875) per ottenere ulteriori informazioni. Noi abbiamo accesso a statistiche anonime sulle attivit\u00e0 effettuate dagli utenti sulla nostra pagina Facebook o sul nostro profilo Instagram. In nessun modo possiamo accedere alle informazioni sul tuo specifico profilo.<\/p>\n","protected":false},"excerpt":{"rendered":"<p>DOC Servizi Soc. Coop. \u00e8 lieta della Tua visita al suo sito internet. La protezione dei dati e la sicurezza degli stessi sono molto importanti per noi. Pertanto, vorremmo informarTi sui dati personali che raccogliamo durante la Tua visita sul nostro sito internet e per quali finalit\u00e0 vengono trattati. La presente informativa \u00e8 resa ai [&hellip;]<\/p>\n","protected":false},"author":1,"featured_media":0,"parent":0,"menu_order":0,"comment_status":"closed","ping_status":"closed","template":"","meta":{"footnotes":""},"class_list":["post-3220","page","type-page","status-publish","hentry"],"acf":[],"yoast_head":"<!-- This site is optimized with the Yoast SEO plugin v26.3 - https:\/\/yoast.com\/wordpress\/plugins\/seo\/ -->\n<title>Privacy Policy V.1 - 24FRAME Future Film Fest<\/title>\n<meta name=\"robots\" content=\"index, follow, max-snippet:-1, max-image-preview:large, max-video-preview:-1\" \/>\n<link rel=\"canonical\" href=\"https:\/\/www.futurefilmfestival.it\/it\/privacy-policy-v-1\/\" \/>\n<meta property=\"og:locale\" content=\"it_IT\" \/>\n<meta property=\"og:type\" content=\"article\" \/>\n<meta property=\"og:title\" content=\"Privacy Policy V.1 - 24FRAME Future Film Fest\" \/>\n<meta property=\"og:description\" content=\"DOC Servizi Soc. Coop. \u00e8 lieta della Tua visita al suo sito internet. La protezione dei dati e la sicurezza degli stessi sono molto importanti per noi. Pertanto, vorremmo informarTi sui dati personali che raccogliamo durante la Tua visita sul nostro sito internet e per quali finalit\u00e0 vengono trattati. La presente informativa \u00e8 resa ai [&hellip;]\" \/>\n<meta property=\"og:url\" content=\"https:\/\/www.futurefilmfestival.it\/it\/privacy-policy-v-1\/\" \/>\n<meta property=\"og:site_name\" content=\"24FRAME Future Film Fest\" \/>\n<meta property=\"article:modified_time\" content=\"2023-05-23T09:59:37+00:00\" \/>\n<meta property=\"og:image\" content=\"https:\/\/www.futurefilmfestival.it\/wp-content\/uploads\/2024\/05\/FFF2024-logo-positivo-RAPPR.jpg\" \/>\n\t<meta property=\"og:image:width\" content=\"1200\" \/>\n\t<meta property=\"og:image:height\" content=\"675\" \/>\n\t<meta property=\"og:image:type\" content=\"image\/jpeg\" \/>\n<meta name=\"twitter:card\" content=\"summary_large_image\" \/>\n<meta name=\"twitter:label1\" content=\"Tempo di lettura stimato\" \/>\n\t<meta name=\"twitter:data1\" content=\"10 minuti\" \/>\n<script type=\"application\/ld+json\" class=\"yoast-schema-graph\">{\"@context\":\"https:\/\/schema.org\",\"@graph\":[{\"@type\":\"WebPage\",\"@id\":\"https:\/\/www.futurefilmfestival.it\/it\/privacy-policy-v-1\/\",\"url\":\"https:\/\/www.futurefilmfestival.it\/it\/privacy-policy-v-1\/\",\"name\":\"Privacy Policy V.1 - 24FRAME Future Film Fest\",\"isPartOf\":{\"@id\":\"https:\/\/www.futurefilmfestival.it\/it\/#website\"},\"datePublished\":\"2023-02-02T11:53:58+00:00\",\"dateModified\":\"2023-05-23T09:59:37+00:00\",\"breadcrumb\":{\"@id\":\"https:\/\/www.futurefilmfestival.it\/it\/privacy-policy-v-1\/#breadcrumb\"},\"inLanguage\":\"it-IT\",\"potentialAction\":[{\"@type\":\"ReadAction\",\"target\":[\"https:\/\/www.futurefilmfestival.it\/it\/privacy-policy-v-1\/\"]}]},{\"@type\":\"BreadcrumbList\",\"@id\":\"https:\/\/www.futurefilmfestival.it\/it\/privacy-policy-v-1\/#breadcrumb\",\"itemListElement\":[{\"@type\":\"ListItem\",\"position\":1,\"name\":\"Home\",\"item\":\"https:\/\/www.futurefilmfestival.it\/it\/home\/\"},{\"@type\":\"ListItem\",\"position\":2,\"name\":\"Privacy Policy V.1\"}]},{\"@type\":\"WebSite\",\"@id\":\"https:\/\/www.futurefilmfestival.it\/it\/#website\",\"url\":\"https:\/\/www.futurefilmfestival.it\/it\/\",\"name\":\"24FRAME Future Film Fest\",\"description\":\"\",\"publisher\":{\"@id\":\"https:\/\/www.futurefilmfestival.it\/it\/#organization\"},\"potentialAction\":[{\"@type\":\"SearchAction\",\"target\":{\"@type\":\"EntryPoint\",\"urlTemplate\":\"https:\/\/www.futurefilmfestival.it\/it\/?s={search_term_string}\"},\"query-input\":{\"@type\":\"PropertyValueSpecification\",\"valueRequired\":true,\"valueName\":\"search_term_string\"}}],\"inLanguage\":\"it-IT\"},{\"@type\":\"Organization\",\"@id\":\"https:\/\/www.futurefilmfestival.it\/it\/#organization\",\"name\":\"24FRAME Future Film Fest\",\"url\":\"https:\/\/www.futurefilmfestival.it\/it\/\",\"logo\":{\"@type\":\"ImageObject\",\"inLanguage\":\"it-IT\",\"@id\":\"https:\/\/www.futurefilmfestival.it\/it\/#\/schema\/logo\/image\/\",\"url\":\"https:\/\/www.futurefilmfestival.it\/wp-content\/uploads\/2024\/05\/FFF2024-logo-positivo-RAPPR.jpg\",\"contentUrl\":\"https:\/\/www.futurefilmfestival.it\/wp-content\/uploads\/2024\/05\/FFF2024-logo-positivo-RAPPR.jpg\",\"width\":1200,\"height\":675,\"caption\":\"24FRAME Future Film Fest\"},\"image\":{\"@id\":\"https:\/\/www.futurefilmfestival.it\/it\/#\/schema\/logo\/image\/\"}}]}<\/script>\n<!-- \/ Yoast SEO plugin. -->","yoast_head_json":{"title":"Privacy Policy V.1 - 24FRAME Future Film Fest","robots":{"index":"index","follow":"follow","max-snippet":"max-snippet:-1","max-image-preview":"max-image-preview:large","max-video-preview":"max-video-preview:-1"},"canonical":"https:\/\/www.futurefilmfestival.it\/it\/privacy-policy-v-1\/","og_locale":"it_IT","og_type":"article","og_title":"Privacy Policy V.1 - 24FRAME Future Film Fest","og_description":"DOC Servizi Soc. Coop. \u00e8 lieta della Tua visita al suo sito internet. La protezione dei dati e la sicurezza degli stessi sono molto importanti per noi. Pertanto, vorremmo informarTi sui dati personali che raccogliamo durante la Tua visita sul nostro sito internet e per quali finalit\u00e0 vengono trattati. La presente informativa \u00e8 resa ai [&hellip;]","og_url":"https:\/\/www.futurefilmfestival.it\/it\/privacy-policy-v-1\/","og_site_name":"24FRAME Future Film Fest","article_modified_time":"2023-05-23T09:59:37+00:00","og_image":[{"width":1200,"height":675,"url":"https:\/\/www.futurefilmfestival.it\/wp-content\/uploads\/2024\/05\/FFF2024-logo-positivo-RAPPR.jpg","type":"image\/jpeg"}],"twitter_card":"summary_large_image","twitter_misc":{"Tempo di lettura stimato":"10 minuti"},"schema":{"@context":"https:\/\/schema.org","@graph":[{"@type":"WebPage","@id":"https:\/\/www.futurefilmfestival.it\/it\/privacy-policy-v-1\/","url":"https:\/\/www.futurefilmfestival.it\/it\/privacy-policy-v-1\/","name":"Privacy Policy V.1 - 24FRAME Future Film Fest","isPartOf":{"@id":"https:\/\/www.futurefilmfestival.it\/it\/#website"},"datePublished":"2023-02-02T11:53:58+00:00","dateModified":"2023-05-23T09:59:37+00:00","breadcrumb":{"@id":"https:\/\/www.futurefilmfestival.it\/it\/privacy-policy-v-1\/#breadcrumb"},"inLanguage":"it-IT","potentialAction":[{"@type":"ReadAction","target":["https:\/\/www.futurefilmfestival.it\/it\/privacy-policy-v-1\/"]}]},{"@type":"BreadcrumbList","@id":"https:\/\/www.futurefilmfestival.it\/it\/privacy-policy-v-1\/#breadcrumb","itemListElement":[{"@type":"ListItem","position":1,"name":"Home","item":"https:\/\/www.futurefilmfestival.it\/it\/home\/"},{"@type":"ListItem","position":2,"name":"Privacy Policy V.1"}]},{"@type":"WebSite","@id":"https:\/\/www.futurefilmfestival.it\/it\/#website","url":"https:\/\/www.futurefilmfestival.it\/it\/","name":"24FRAME Future Film Fest","description":"","publisher":{"@id":"https:\/\/www.futurefilmfestival.it\/it\/#organization"},"potentialAction":[{"@type":"SearchAction","target":{"@type":"EntryPoint","urlTemplate":"https:\/\/www.futurefilmfestival.it\/it\/?s={search_term_string}"},"query-input":{"@type":"PropertyValueSpecification","valueRequired":true,"valueName":"search_term_string"}}],"inLanguage":"it-IT"},{"@type":"Organization","@id":"https:\/\/www.futurefilmfestival.it\/it\/#organization","name":"24FRAME Future Film Fest","url":"https:\/\/www.futurefilmfestival.it\/it\/","logo":{"@type":"ImageObject","inLanguage":"it-IT","@id":"https:\/\/www.futurefilmfestival.it\/it\/#\/schema\/logo\/image\/","url":"https:\/\/www.futurefilmfestival.it\/wp-content\/uploads\/2024\/05\/FFF2024-logo-positivo-RAPPR.jpg","contentUrl":"https:\/\/www.futurefilmfestival.it\/wp-content\/uploads\/2024\/05\/FFF2024-logo-positivo-RAPPR.jpg","width":1200,"height":675,"caption":"24FRAME Future Film Fest"},"image":{"@id":"https:\/\/www.futurefilmfestival.it\/it\/#\/schema\/logo\/image\/"}}]}},"_links":{"self":[{"href":"https:\/\/www.futurefilmfestival.it\/it\/wp-json\/wp\/v2\/pages\/3220","targetHints":{"allow":["GET"]}}],"collection":[{"href":"https:\/\/www.futurefilmfestival.it\/it\/wp-json\/wp\/v2\/pages"}],"about":[{"href":"https:\/\/www.futurefilmfestival.it\/it\/wp-json\/wp\/v2\/types\/page"}],"author":[{"embeddable":true,"href":"https:\/\/www.futurefilmfestival.it\/it\/wp-json\/wp\/v2\/users\/1"}],"replies":[{"embeddable":true,"href":"https:\/\/www.futurefilmfestival.it\/it\/wp-json\/wp\/v2\/comments?post=3220"}],"version-history":[{"count":2,"href":"https:\/\/www.futurefilmfestival.it\/it\/wp-json\/wp\/v2\/pages\/3220\/revisions"}],"predecessor-version":[{"id":3544,"href":"https:\/\/www.futurefilmfestival.it\/it\/wp-json\/wp\/v2\/pages\/3220\/revisions\/3544"}],"wp:attachment":[{"href":"https:\/\/www.futurefilmfestival.it\/it\/wp-json\/wp\/v2\/media?parent=3220"}],"curies":[{"name":"wp","href":"https:\/\/api.w.org\/{rel}","templated":true}]}}