{"id":3228,"date":"2023-02-02T14:42:07","date_gmt":"2023-02-02T13:42:07","guid":{"rendered":"https:\/\/www.futurefilmfestival.it\/?page_id=3228"},"modified":"2023-02-02T14:42:24","modified_gmt":"2023-02-02T13:42:24","slug":"cookie-policy-v1","status":"publish","type":"page","link":"https:\/\/www.futurefilmfestival.it\/it\/cookie-policy-v1\/","title":{"rendered":"Cookie Policy v1"},"content":{"rendered":"<p><strong>Che cos&#8217;\u00e8 un cookie e a cosa serve?<\/strong><br \/>\nUn cookie \u00e8 un file di piccole dimensioni che viene inviato al browser e salvato sul tuo dispositivo quando visiti un sito internet. I cookie permettono un funzionamento efficiente del sito e ne migliorano le prestazioni, inoltre forniscono informazioni al proprietario del sito per fini statistici, principalmente per personalizzare la tua esperienza di navigazione ricordando le tue preferenze (per esempio ricordare la lingua e la valuta che hai impostato, per riconoscerti alla visita successiva, ecc.).<\/p>\n<p><strong>Finalit\u00e0 di utilizzo dei cookie<\/strong><br \/>\nIl presente sito utilizza alcuni cookie per rendere i propri servizi semplici da navigare e fruire in modo efficiente delle pagine web di DOC Servizi Soc. Coop. I cookie utilizzati consentono inoltre di migliorare il servizio reso agli utenti, rendendo pi\u00f9 efficace l\u2019uso dello stesso e\/o abilitando determinate funzionalit\u00e0.<\/p>\n<p><strong>Cookie utilizzati<\/strong><br \/>\nIl presente sito utilizza cookie di navigazione per l&#8217;utilizzo di alcuni servizi base e cookie di monitoraggio (Google Analytics). Sono inoltre presenti collegamenti a servizi di terze parti. SU QUESTO SITO NON SONO PRESENTI NE\u2019 INVIATI ALL\u2019UTENTE COOKIE DI PROFILAZIONE PER SCOPI PUBBLICITARI.<\/p>\n<p><strong>Cookie di navigazione<\/strong><br \/>\nFin dal primo accesso questi cookie permettono al sito di funzionare correttamente e ti consentono di visualizzare i contenuti sul tuo dispositivo riconoscendo la lingua e il mercato del Paese dal quale hai scelto di connetterti. I cookie di navigazione sono cookie tecnici e sono necessari al funzionamento del sito.<\/p>\n<p>Nome Cookie: CookieLawInfoConsent<br \/>\nDurata: 1 anno<br \/>\nUtilizzo: Controlla accettazione policy cookie<\/p>\n<p>Nome Cookie: viewed_cookie_policy<br \/>\nDurata: 1 anno<br \/>\nUtilizzo: Controlla visualizzazione policy cookie<\/p>\n<p><strong>Cookie analitici\/di monitoraggio di terze parti<\/strong><br \/>\nIl presente sito utilizza Google Analytics: i cookie analytics sono considerati tecnici se utilizzati solo a fini di ottimizzazione e se trattati in forma anonima. Informiamo l\u2019utente che questo sito utilizza il servizio gratuito di Google Analytics. Ricordiamo che i dati vengono usati solo per avere i dati delle pagine pi\u00f9 visitate, del numero di visitatori, i dati aggregati delle visite per sistema operativo, per browser, ecc. Le informazioni ricavabili dai cookie sull\u2019utilizzo del sito web da parte degli utenti verranno trasmesse dal browser dell\u2019utente a Google, con sede a 1600 Amphitheatre Parkway, Mountain View, CA 94043, Stati Uniti, e depositate presso i server della societ\u00e0 stessa. In particolare, di seguito trovi i cookies utilizzati da Google Analytics:<\/p>\n<table border=\"0\" cellspacing=\"3\" cellpadding=\"3\">\n<tbody>\n<tr>\n<td>COOKIE NAME<\/td>\n<td>DURATION<\/td>\n<\/tr>\n<tr>\n<td>__utma<\/td>\n<td>2 years<\/td>\n<\/tr>\n<tr>\n<td>__utmb<\/td>\n<td>30 minutes<\/td>\n<\/tr>\n<tr>\n<td>__utmc<\/td>\n<td>Session<\/td>\n<\/tr>\n<tr>\n<td>__utmz<\/td>\n<td>6 months<\/td>\n<\/tr>\n<tr>\n<td>__utmt<\/td>\n<td>10 minutes<\/td>\n<\/tr>\n<tr>\n<td>_ga<\/td>\n<td>2 years<\/td>\n<\/tr>\n<tr>\n<td>_gat<\/td>\n<td>10 minutes<\/td>\n<\/tr>\n<\/tbody>\n<\/table>\n<p>Utilizzando il presente sito si acconsente al trattamento dei propri dati da parte di Google per le modalit\u00e0 e i fini sopra indicati.<\/p>\n<p>Secondo i termini di servizio in essere, Google utilizzer\u00e0 queste informazioni, in qualit\u00e0 di titolare autonomo del trattamento, allo scopo di tracciare e esaminare l\u2019utilizzo del sito web, compilare report sulle attivit\u00e0 del sito ad uso degli operatori del sito stesso e fornire altri servizi relativi alle attivit\u00e0 del sito web, alle modalit\u00e0 di connessione (mobile, pc, browser utilizzato etc.) e alle modalit\u00e0 di ricerca e raggiungimento delle pagine del portale. Google pu\u00f2 anche trasferire queste informazioni a terzi ove ci\u00f2 sia imposto dalla legge o laddove tali terzi trattino le suddette informazioni per conto di Google. Google non assocer\u00e0 gli indirizzi IP a nessun altro dato posseduto da Google.<br \/>\nPer consultare l&#8217;informativa privacy della societ\u00e0 Google, relativa al servizio Google Analytics, si prega di visitare il sito Internet\u00a0<a href=\"http:\/\/www.google.com\/intl\/it\/privacy\/privacy-policy.html\" target=\"_blank\" rel=\"noopener\">http:\/\/www.google.com\/intl\/en\/analytics\/privacyoverview.html<\/a>.<br \/>\nPer conoscere le norme sulla privacy di Google, si invita a vistare il sito Internet\u00a0<a href=\"http:\/\/www.google.com\/intl\/en\/analytics\/privacyoverview.html\" target=\"_blank\" rel=\"noopener\">http:\/\/www.google.com\/intl\/it\/privacy\/privacy-policy.html<\/a>.<br \/>\nI cookie di monitoraggio possono essere disabilitati senza nessuna conseguenza sulla navigazione del sito: per disabilitarli si veda la sezione successiva \u201cCome disabilitare i cookie mediante configurazione del browser (opt-out)\u201d.<\/p>\n<p><strong>Per disabilitare tutti i cookie<\/strong><br \/>\n\u00c8 possibile negare il consenso all\u2019utilizzo dei cookie selezionando l&#8217;impostazione appropriata sul proprio browser:<br \/>\nSi forniscono di seguito i link che spiegano come disabilitare i cookie per i browser pi\u00f9 diffusi (per altri browser eventualmente utilizzati suggeriamo di cercare questa opzione nell\u2019help del software).<br \/>\nInternet Explorer:\u00a0<a href=\"http:\/\/windows.microsoft.com\/it-IT\/internet-explorer\/delete-manage-cookies#ie=ie-10\" target=\"_blank\" rel=\"noopener\">http:\/\/windows.microsoft.com\/it-IT\/internet-explorer\/delete-manage-cookies#ie=ie-10<\/a><br \/>\nGoogle Chrome:\u00a0<a href=\"https:\/\/support.google.com\/chrome\/answer\/95647?hl=it\" target=\"_blank\" rel=\"noopener\">https:\/\/support.google.com\/chrome\/answer\/95647?hl=it<\/a><br \/>\nMozilla Firefox:\u00a0<a href=\"http:\/\/support.mozilla.org\/it\/kb\/Gestione%20dei%20cookie?redirectlocale=en-US&amp;redirectslug=Cookies\" target=\"_blank\" rel=\"noopener\">http:\/\/support.mozilla.org\/it\/kb\/Gestione%20dei%20cookie?redirectlocale=en-US&amp;redirectslug=Cookies<\/a><br \/>\nOpera:\u00a0<a href=\"http:\/\/help.opera.com\/Windows\/10.00\/it\/cookies.html\" target=\"_blank\" rel=\"noopener\">http:\/\/help.opera.com\/Windows\/10.00\/it\/cookies.html<\/a><br \/>\nApple Safari:\u00a0<a href=\"http:\/\/www.apple.com\/it\/privacy\/use-of-cookies\/\" target=\"_blank\" rel=\"noopener\">http:\/\/www.apple.com\/it\/privacy\/use-of-cookies\/<\/a><\/p>\n<p>In alternativa \u00e8 possibile disabilitare soltanto i cookie di Google Analytics, utilizzando il\u00a0<a href=\"https:\/\/tools.google.com\/dlpage\/gaoptout?hl=it\" target=\"_blank\" rel=\"noopener\">componente aggiuntivo<\/a>\u00a0di opt-out fornito da Google per i browser principali.<\/p>\n<p>Anche se viene revocata l\u2019autorizzazione all\u2019utilizzo di cookie di terze parti, prima di tale revoca i cookie potrebbero essere stati memorizzati sul terminale dell\u2019utente. Per motivi tecnici non \u00e8 possibile cancellare tali cookie, tuttavia il browser dell\u2019utente consente la loro eliminazione tra le impostazioni sulla privacy. Le opzioni del browser contengono infatti l\u2019opzione \u201cCancella dati di navigazione\u201d che pu\u00f2 essere utilizzata per eliminare i cookies, dati di siti e plug-in.<\/p>\n","protected":false},"excerpt":{"rendered":"<p>Che cos&#8217;\u00e8 un cookie e a cosa serve? Un cookie \u00e8 un file di piccole dimensioni che viene inviato al browser e salvato sul tuo dispositivo quando visiti un sito internet. I cookie permettono un funzionamento efficiente del sito e ne migliorano le prestazioni, inoltre forniscono informazioni al proprietario del sito per fini statistici, principalmente [&hellip;]<\/p>\n","protected":false},"author":1,"featured_media":0,"parent":0,"menu_order":0,"comment_status":"closed","ping_status":"closed","template":"","meta":{"footnotes":""},"class_list":["post-3228","page","type-page","status-publish","hentry"],"acf":[],"yoast_head":"<!-- This site is optimized with the Yoast SEO plugin v26.3 - https:\/\/yoast.com\/wordpress\/plugins\/seo\/ -->\n<title>Cookie Policy v1 - 24FRAME Future Film Fest<\/title>\n<meta name=\"robots\" content=\"index, follow, max-snippet:-1, max-image-preview:large, max-video-preview:-1\" \/>\n<link rel=\"canonical\" href=\"https:\/\/www.futurefilmfestival.it\/it\/cookie-policy-v1\/\" \/>\n<meta property=\"og:locale\" content=\"it_IT\" \/>\n<meta property=\"og:type\" content=\"article\" \/>\n<meta property=\"og:title\" content=\"Cookie Policy v1 - 24FRAME Future Film Fest\" \/>\n<meta property=\"og:description\" content=\"Che cos&#8217;\u00e8 un cookie e a cosa serve? Un cookie \u00e8 un file di piccole dimensioni che viene inviato al browser e salvato sul tuo dispositivo quando visiti un sito internet. I cookie permettono un funzionamento efficiente del sito e ne migliorano le prestazioni, inoltre forniscono informazioni al proprietario del sito per fini statistici, principalmente [&hellip;]\" \/>\n<meta property=\"og:url\" content=\"https:\/\/www.futurefilmfestival.it\/it\/cookie-policy-v1\/\" \/>\n<meta property=\"og:site_name\" content=\"24FRAME Future Film Fest\" \/>\n<meta property=\"article:modified_time\" content=\"2023-02-02T13:42:24+00:00\" \/>\n<meta property=\"og:image\" content=\"https:\/\/www.futurefilmfestival.it\/wp-content\/uploads\/2024\/05\/FFF2024-logo-positivo-RAPPR.jpg\" \/>\n\t<meta property=\"og:image:width\" content=\"1200\" \/>\n\t<meta property=\"og:image:height\" content=\"675\" \/>\n\t<meta property=\"og:image:type\" content=\"image\/jpeg\" \/>\n<meta name=\"twitter:card\" content=\"summary_large_image\" \/>\n<script type=\"application\/ld+json\" class=\"yoast-schema-graph\">{\"@context\":\"https:\/\/schema.org\",\"@graph\":[{\"@type\":\"WebPage\",\"@id\":\"https:\/\/www.futurefilmfestival.it\/it\/cookie-policy-v1\/\",\"url\":\"https:\/\/www.futurefilmfestival.it\/it\/cookie-policy-v1\/\",\"name\":\"Cookie Policy v1 - 24FRAME Future Film Fest\",\"isPartOf\":{\"@id\":\"https:\/\/www.futurefilmfestival.it\/it\/#website\"},\"datePublished\":\"2023-02-02T13:42:07+00:00\",\"dateModified\":\"2023-02-02T13:42:24+00:00\",\"breadcrumb\":{\"@id\":\"https:\/\/www.futurefilmfestival.it\/it\/cookie-policy-v1\/#breadcrumb\"},\"inLanguage\":\"it-IT\",\"potentialAction\":[{\"@type\":\"ReadAction\",\"target\":[\"https:\/\/www.futurefilmfestival.it\/it\/cookie-policy-v1\/\"]}]},{\"@type\":\"BreadcrumbList\",\"@id\":\"https:\/\/www.futurefilmfestival.it\/it\/cookie-policy-v1\/#breadcrumb\",\"itemListElement\":[{\"@type\":\"ListItem\",\"position\":1,\"name\":\"Home\",\"item\":\"https:\/\/www.futurefilmfestival.it\/it\/home\/\"},{\"@type\":\"ListItem\",\"position\":2,\"name\":\"Cookie Policy v1\"}]},{\"@type\":\"WebSite\",\"@id\":\"https:\/\/www.futurefilmfestival.it\/it\/#website\",\"url\":\"https:\/\/www.futurefilmfestival.it\/it\/\",\"name\":\"24FRAME Future Film Fest\",\"description\":\"\",\"publisher\":{\"@id\":\"https:\/\/www.futurefilmfestival.it\/it\/#organization\"},\"potentialAction\":[{\"@type\":\"SearchAction\",\"target\":{\"@type\":\"EntryPoint\",\"urlTemplate\":\"https:\/\/www.futurefilmfestival.it\/it\/?s={search_term_string}\"},\"query-input\":{\"@type\":\"PropertyValueSpecification\",\"valueRequired\":true,\"valueName\":\"search_term_string\"}}],\"inLanguage\":\"it-IT\"},{\"@type\":\"Organization\",\"@id\":\"https:\/\/www.futurefilmfestival.it\/it\/#organization\",\"name\":\"24FRAME Future Film Fest\",\"url\":\"https:\/\/www.futurefilmfestival.it\/it\/\",\"logo\":{\"@type\":\"ImageObject\",\"inLanguage\":\"it-IT\",\"@id\":\"https:\/\/www.futurefilmfestival.it\/it\/#\/schema\/logo\/image\/\",\"url\":\"https:\/\/www.futurefilmfestival.it\/wp-content\/uploads\/2024\/05\/FFF2024-logo-positivo-RAPPR.jpg\",\"contentUrl\":\"https:\/\/www.futurefilmfestival.it\/wp-content\/uploads\/2024\/05\/FFF2024-logo-positivo-RAPPR.jpg\",\"width\":1200,\"height\":675,\"caption\":\"24FRAME Future Film Fest\"},\"image\":{\"@id\":\"https:\/\/www.futurefilmfestival.it\/it\/#\/schema\/logo\/image\/\"}}]}<\/script>\n<!-- \/ Yoast SEO plugin. -->","yoast_head_json":{"title":"Cookie Policy v1 - 24FRAME Future Film Fest","robots":{"index":"index","follow":"follow","max-snippet":"max-snippet:-1","max-image-preview":"max-image-preview:large","max-video-preview":"max-video-preview:-1"},"canonical":"https:\/\/www.futurefilmfestival.it\/it\/cookie-policy-v1\/","og_locale":"it_IT","og_type":"article","og_title":"Cookie Policy v1 - 24FRAME Future Film Fest","og_description":"Che cos&#8217;\u00e8 un cookie e a cosa serve? Un cookie \u00e8 un file di piccole dimensioni che viene inviato al browser e salvato sul tuo dispositivo quando visiti un sito internet. I cookie permettono un funzionamento efficiente del sito e ne migliorano le prestazioni, inoltre forniscono informazioni al proprietario del sito per fini statistici, principalmente [&hellip;]","og_url":"https:\/\/www.futurefilmfestival.it\/it\/cookie-policy-v1\/","og_site_name":"24FRAME Future Film Fest","article_modified_time":"2023-02-02T13:42:24+00:00","og_image":[{"width":1200,"height":675,"url":"https:\/\/www.futurefilmfestival.it\/wp-content\/uploads\/2024\/05\/FFF2024-logo-positivo-RAPPR.jpg","type":"image\/jpeg"}],"twitter_card":"summary_large_image","schema":{"@context":"https:\/\/schema.org","@graph":[{"@type":"WebPage","@id":"https:\/\/www.futurefilmfestival.it\/it\/cookie-policy-v1\/","url":"https:\/\/www.futurefilmfestival.it\/it\/cookie-policy-v1\/","name":"Cookie Policy v1 - 24FRAME Future Film Fest","isPartOf":{"@id":"https:\/\/www.futurefilmfestival.it\/it\/#website"},"datePublished":"2023-02-02T13:42:07+00:00","dateModified":"2023-02-02T13:42:24+00:00","breadcrumb":{"@id":"https:\/\/www.futurefilmfestival.it\/it\/cookie-policy-v1\/#breadcrumb"},"inLanguage":"it-IT","potentialAction":[{"@type":"ReadAction","target":["https:\/\/www.futurefilmfestival.it\/it\/cookie-policy-v1\/"]}]},{"@type":"BreadcrumbList","@id":"https:\/\/www.futurefilmfestival.it\/it\/cookie-policy-v1\/#breadcrumb","itemListElement":[{"@type":"ListItem","position":1,"name":"Home","item":"https:\/\/www.futurefilmfestival.it\/it\/home\/"},{"@type":"ListItem","position":2,"name":"Cookie Policy v1"}]},{"@type":"WebSite","@id":"https:\/\/www.futurefilmfestival.it\/it\/#website","url":"https:\/\/www.futurefilmfestival.it\/it\/","name":"24FRAME Future Film Fest","description":"","publisher":{"@id":"https:\/\/www.futurefilmfestival.it\/it\/#organization"},"potentialAction":[{"@type":"SearchAction","target":{"@type":"EntryPoint","urlTemplate":"https:\/\/www.futurefilmfestival.it\/it\/?s={search_term_string}"},"query-input":{"@type":"PropertyValueSpecification","valueRequired":true,"valueName":"search_term_string"}}],"inLanguage":"it-IT"},{"@type":"Organization","@id":"https:\/\/www.futurefilmfestival.it\/it\/#organization","name":"24FRAME Future Film Fest","url":"https:\/\/www.futurefilmfestival.it\/it\/","logo":{"@type":"ImageObject","inLanguage":"it-IT","@id":"https:\/\/www.futurefilmfestival.it\/it\/#\/schema\/logo\/image\/","url":"https:\/\/www.futurefilmfestival.it\/wp-content\/uploads\/2024\/05\/FFF2024-logo-positivo-RAPPR.jpg","contentUrl":"https:\/\/www.futurefilmfestival.it\/wp-content\/uploads\/2024\/05\/FFF2024-logo-positivo-RAPPR.jpg","width":1200,"height":675,"caption":"24FRAME Future Film Fest"},"image":{"@id":"https:\/\/www.futurefilmfestival.it\/it\/#\/schema\/logo\/image\/"}}]}},"_links":{"self":[{"href":"https:\/\/www.futurefilmfestival.it\/it\/wp-json\/wp\/v2\/pages\/3228","targetHints":{"allow":["GET"]}}],"collection":[{"href":"https:\/\/www.futurefilmfestival.it\/it\/wp-json\/wp\/v2\/pages"}],"about":[{"href":"https:\/\/www.futurefilmfestival.it\/it\/wp-json\/wp\/v2\/types\/page"}],"author":[{"embeddable":true,"href":"https:\/\/www.futurefilmfestival.it\/it\/wp-json\/wp\/v2\/users\/1"}],"replies":[{"embeddable":true,"href":"https:\/\/www.futurefilmfestival.it\/it\/wp-json\/wp\/v2\/comments?post=3228"}],"version-history":[{"count":2,"href":"https:\/\/www.futurefilmfestival.it\/it\/wp-json\/wp\/v2\/pages\/3228\/revisions"}],"predecessor-version":[{"id":3230,"href":"https:\/\/www.futurefilmfestival.it\/it\/wp-json\/wp\/v2\/pages\/3228\/revisions\/3230"}],"wp:attachment":[{"href":"https:\/\/www.futurefilmfestival.it\/it\/wp-json\/wp\/v2\/media?parent=3228"}],"curies":[{"name":"wp","href":"https:\/\/api.w.org\/{rel}","templated":true}]}}