{"id":7860,"date":"2025-04-28T10:29:54","date_gmt":"2025-04-28T08:29:54","guid":{"rendered":"https:\/\/www.futurefilmfestival.it\/?page_id=7860"},"modified":"2025-05-12T10:52:03","modified_gmt":"2025-05-12T08:52:03","slug":"sottotitoli","status":"publish","type":"page","link":"https:\/\/www.futurefilmfestival.it\/it\/sottotitoli\/","title":{"rendered":"Sottotitoli"},"content":{"rendered":"<p>&nbsp;<\/p>\n<p>&nbsp;<\/p>\n<p>Il 24FRAME Future Film Festival ha curato la realizzazione dei sottotitoli in italiano per i seguenti film.<br \/>\nSe siete interessati a utilizzarli per proiezioni o eventi, vi invitiamo a contattarci all\u2019indirizzo <a href=\"mailto:info@futurefilmfestival.it\">info@futurefilmfestival.it<\/a><\/p>\n<p><!--more--><\/p>\n<h5>Edizione 2025<\/h5>\n<ul>\n<li aria-level=\"1\"><strong>Aunt Hilda!<\/strong> (<strong>Tante Hilda!<\/strong>) di Beno\u00eet Chieux, Jacques-R\u00e9my Girerd (Francia, 2013) 89&#8242;<\/li>\n<li aria-level=\"1\"><strong>The Great History of Western Philosophy<\/strong> (<strong>La gran historia de la filosof\u00eda occidental)<\/strong> di Aria Covamonas (Messico, 2025) 73&#8242;<\/li>\n<li aria-level=\"1\"><strong>Pig That Survived Foot-and-Mouth Disease<\/strong> di HUR Bum-Wook (Corea del Sud, 2024) 105&#8242;<\/li>\n<li aria-level=\"1\"><strong>Fureru<\/strong> di Tatsuyuki Nagai (Giappone, 2024) 107&#8242;<\/li>\n<li aria-level=\"1\"><strong>Hitpig!<\/strong> di David Feiss, Cinzia Angelini (Regno Unito\/Canada, 2024) 86&#8242;<\/li>\n<li aria-level=\"1\"><strong>Rock Bottom<\/strong> di Mar\u00eda Tr\u00e9nor (Spagna, 2024) 86&#8242;<\/li>\n<li aria-level=\"1\"><strong>Clarice&#8217;s Dream<\/strong> (<strong>O Sonho de Clarice<\/strong>) di Fernando Guti\u00e9rrez, Guto Bicalho (Brasile, 2023)<\/li>\n<li aria-level=\"1\"><strong>GILL<\/strong> di AHN Jae-huun (Corea del Sud, 2024) 104&#8242;<\/li>\n<li aria-level=\"1\"><strong>Trapezium<\/strong> di Masahiro Shinohara (Giappone, 2024) 94&#8242;<\/li>\n<li aria-level=\"1\"><strong>Friendlyship<\/strong> di Jer Moran (USA, 2025) 60&#8242;<\/li>\n<\/ul>\n<h5><b>Edizione 2024<\/b><\/h5>\n<ul>\n<li aria-level=\"1\"><strong>A Few Moments of Cheers <\/strong>di Popreq (Giappone, 2024) 68&#8242;<\/li>\n<li aria-level=\"1\"><strong>Queen of the Deuce<\/strong> di Valerie Kontakos (Canada, 2022) 78&#8242;<\/li>\n<li aria-level=\"1\"><strong>Black Butterflies<\/strong> di David Baute (Spagna, 2024) 83&#8242;<\/li>\n<li aria-level=\"1\"><strong>The Storm<\/strong> di Yang Zhigang aka Busifan (Cina, 2024) 102&#8242;<\/li>\n<li aria-level=\"1\"><strong>The Siren<\/strong> (<strong>La Sir\u00e8ne<\/strong>) di Sepideh Farsi (Francia, 2023) 101&#8242;<\/li>\n<li aria-level=\"1\"><strong>Empire of the Ants<\/strong> di Bert I. Gordon (USA, 1977) 90&#8242;<\/li>\n<li aria-level=\"1\"><strong>Totto-Chan: The Little Girl at the Window<\/strong> di Shinnosuke Yakuwa (Giappone, 2024) 114&#8242;<\/li>\n<li aria-level=\"1\"><strong>Yumi&#8217;s Cells: The Movie<\/strong> di Kim Da-hee (Corea del Sud, 2024) 93&#8242;<\/li>\n<li aria-level=\"1\"><strong>The Missing<\/strong> (<strong>Iti Mapukpukaw<\/strong>) di Carl Joseph E. Papa (Filippine, 2024) 90&#8242;<\/li>\n<li aria-level=\"1\"><strong>Macross Plus: Movie Edition<\/strong> di Shinichiro Watanabe (Giappone, 1995) 115&#8242;<\/li>\n<\/ul>\n<h5><b>Edizione 2023<\/b><\/h5>\n<ul>\n<li aria-level=\"1\"><strong>Blind Willow, Sleeping Woman<\/strong> di Pierre F\u00f6ldes (Canada\/Francia\/Lussemburgo\/Paesi Bassi, 2022) 110&#8242;<\/li>\n<li aria-level=\"1\"><strong>Icarus and the Minotaur<\/strong> (<strong>Icare<\/strong>) di Carlo Vogele (Francia, 2021) 77&#8242;<\/li>\n<li aria-level=\"1\"><strong>Johnny &amp; Me &#8211; A Journey through Time with John Heartfield<\/strong> di Katrin Rothe (Germania\/Austria\/Svizzera, 2023) 104&#8242;<\/li>\n<li aria-level=\"1\"><strong>Junk Head<\/strong> di Takahide Hori (Giappone, 2021) 115&#8242;<\/li>\n<li aria-level=\"1\"><strong>Slide<\/strong> di Bill Plympton (USA, 2023) 78&#8242;<\/li>\n<li aria-level=\"1\"><strong>Komada, a Whisky Family<\/strong> di Masayuki Yoshihara (Giappone, 2023) 90&#8242;<\/li>\n<li aria-level=\"1\"><strong>Art Colleg<\/strong>e di Liu Jian (Cina, 2023) 118&#8242;<\/li>\n<li aria-level=\"1\"><strong>Nayola<\/strong> di Jos\u00e9 Miguel Ribeiro (Portogallo\/Belgio\/Francia\/Paesi Bassi, 2023) 63&#8242;<\/li>\n<li aria-level=\"1\"><strong>Eternal 831<\/strong> di Kenji Kamiyama (Giappone, 2022) 105&#8242;<\/li>\n<li aria-level=\"1\"><strong>Four Souls of Coyote<\/strong> (A Koj\u00f3tnak n\u00e9gy lelke) di \u00c1ron Gauder (Ungheria, 2023) 106&#8242;<\/li>\n<li aria-level=\"1\"><strong>Tender Metalheads<\/strong> di Carlos Perez-Reche, Joan Francesc Tomas Monfort (Spagna, 2023) 80&#8242;<\/li>\n<li aria-level=\"1\"><strong>Revengeance<\/strong> di Bill Plympton (USA, 2017) 75&#8242;<\/li>\n<li aria-level=\"1\"><strong>Eternal Spring<\/strong> di Jason Loftus (Canada, 2023) 86&#8242;<\/li>\n<\/ul>\n<h5><b>Edizione 2022<\/b><\/h5>\n<ul>\n<li aria-level=\"1\"><strong>Battlecry<\/strong> di YANAKAYA (Giappone, 2020) 75&#8242;<\/li>\n<li aria-level=\"1\"><strong>Dragon Princess<\/strong> di Jean-Jacques Denis &amp; Anthony Roux (Francia, 2021) 74&#8242;<\/li>\n<li aria-level=\"1\"><strong>Home is Somewhere Else<\/strong> di Carlos Hagerman, Jorge Villalobos (Messico\/Stati Uniti, 2021) 87&#8242;<\/li>\n<li aria-level=\"1\"><strong>I Am What I Am<\/strong> di SUN Haipeng (Cina, 2021) 104&#8242;<\/li>\n<li aria-level=\"1\"><strong>Inu-Oh<\/strong> di Masaaki Yuasa (Giappone\/Cina, 2021) 96&#8242;<\/li>\n<li aria-level=\"1\"><strong>Khamsa: The Well of Oblivion<\/strong> di Vynom (Algeria, 2022) 77&#8242;<\/li>\n<li aria-level=\"1\"><strong>Les Secrets de Mon P\u00e8re<\/strong> di Vera Belmont (Francia\/Belgio, 2021) 75&#8242;<\/li>\n<li aria-level=\"1\"><strong>I Vicini dei Miei Vicini Sono i Miei Vicin<\/strong>i (<strong>Les Voisins de Mes Voisins sont Mes Voisins<\/strong>) di Anne-Laure Daffis, L\u00e9o Marchand (Francia, 2021) 93&#8242;<\/li>\n<li aria-level=\"1\"><strong>My Grandfather&#8217;s Demons<\/strong> (<strong>Os Dem\u00f3nios do Meu Av\u00f4<\/strong>) di Nuno Beato (Portogallo, 2022) 90&#8242;<\/li>\n<li aria-level=\"1\"><strong>Red Jungle<\/strong> di Juan Jos\u00e9 Lozano, Zolt\u00e1n Horv\u00e1th (Francia\/Svizzera, 2022) 92&#8242;<\/li>\n<li aria-level=\"1\"><strong>The Island<\/strong> di Anca Damian (Romania\/Francia\/Belgio, 2021) 85&#8242;<\/li>\n<li aria-level=\"1\"><strong>La Casa degli Smarriti sul Promontorio<\/strong> di Sachiko Kashiwaba (Giappone, 2021) 100&#8242;<\/li>\n<li aria-level=\"1\"><strong>Chuck Steel: Night of the Trampires<\/strong> di Mike Mort (Regno Unito, 2019) 91&#8242;<\/li>\n<li aria-level=\"1\"><strong>Neptune Frost<\/strong> di Saul Williams, Anisia Uzeyman (Ruanda\/USA, 2021) 105&#8242;<\/li>\n<\/ul>\n<h5><b>Edizione 2021<\/b><\/h5>\n<ul>\n<li aria-level=\"1\"><strong>Archipel<\/strong> (<strong>Archipel<\/strong>) di F\u00e9lix Dufour-Laperri\u00e8re (Canada, 2021) 72&#8242;<\/li>\n<li aria-level=\"1\"><strong>The Deer King<\/strong> di Masashi Ando, Masayuki Miyaji (Giappone, 2021) 120&#8242;<\/li>\n<li aria-level=\"1\"><strong>Lamya&#8217;s Poem<\/strong> di Alexander Kronemer (USA\/Canada, 2021) 85&#8242;<\/li>\n<li aria-level=\"1\"><strong>My Uncle Jos\u00e9<\/strong> (Meu Tio Jos\u00e9) di Duca Rios (Brasile, 2021) 99&#8242;<\/li>\n<li aria-level=\"1\"><strong>My Sunny Maad<\/strong> di Michaela Pavl\u00e1tov\u00e1 (Repubblica Ceca\/Francia\/Slovacchia, 2021) 85&#8242;<\/li>\n<li aria-level=\"1\"><strong>Bob Spit: We Do Not Like People<\/strong> (Bob Cuspe &#8211; N\u00f3s N\u00e3o Gostamos de Gente) di Cesar Cabral (Brasile, 2021) 90&#8242;<\/li>\n<li aria-level=\"1\"><strong>Satoshi Kon, The Illusionist<\/strong> (<strong>Satoshi Kon, l&#8217;Illusioniste<\/strong>) di Pascal-Alex Vincent (Francia, 2021) 81&#8242;<\/li>\n<li aria-level=\"1\"><strong>City of Lost Things<\/strong> di Yee Chih-Yen (Taiwan, 2020) 91&#8242;<\/li>\n<li aria-level=\"1\"><strong>Climbing<\/strong> di Hye-mi Kim (Corea del Sud, 2020) 77&#8242;<\/li>\n<li aria-level=\"1\"><strong>Snotty Boy<\/strong> (<strong>Rotzbub<\/strong>) di Santiago L\u00f3pez Jover, Marcus H. Rosenm\u00fcller (Germania\/Austria, 2021) 85&#8242;<\/li>\n<li aria-level=\"1\"><strong>Tito and the Birds<\/strong> (<strong>Tito e os P\u00e1ssaros<\/strong>) di Gabriel Bitar, Andr\u00e9 Catoto, Gustavo Steinberg (Brasile, 2018) 73&#8242;<\/li>\n<li aria-level=\"1\"><strong>The Old Man Movie<\/strong> (<strong>Vanamehe film<\/strong>) di Mikk M\u00e4gi, Oskar Lehemaa (Estonia, 2019) 85&#8242;<\/li>\n<\/ul>\n<h5><b>Edizione 2018<\/b><\/h5>\n<ul>\n<li aria-level=\"1\"><strong>Un homme est mort<\/strong> di Olivier Cossu (Francia, 2018) 64&#8242;<\/li>\n<li aria-level=\"1\"><strong>The Shower <\/strong>(<strong>So-na-gi<\/strong>) di AHN Jae-huun (Corea del Sud, 2017) 48&#8242;<\/li>\n<\/ul>\n<p>&nbsp;<\/p>\n","protected":false},"excerpt":{"rendered":"<p>&nbsp; &nbsp; Il 24FRAME Future Film Festival ha curato la realizzazione dei sottotitoli in italiano per i seguenti film. Se siete interessati a utilizzarli per proiezioni o eventi, vi invitiamo a contattarci all\u2019indirizzo info@futurefilmfestival.it<\/p>\n","protected":false},"author":6,"featured_media":0,"parent":0,"menu_order":0,"comment_status":"closed","ping_status":"closed","template":"templates\/template-full-width.php","meta":{"footnotes":""},"class_list":["post-7860","page","type-page","status-publish","hentry"],"acf":[],"yoast_head":"<!-- This site is optimized with the Yoast SEO plugin v26.3 - https:\/\/yoast.com\/wordpress\/plugins\/seo\/ -->\n<title>Sottotitoli - 24FRAME Future Film Fest<\/title>\n<meta name=\"description\" content=\"Sono disponibili i sottotitoli in italiano per i seguenti film, sottotitolati dal 24FRAME Future Film Festival nel corso delle varie edizioni\" \/>\n<meta name=\"robots\" content=\"index, follow, max-snippet:-1, max-image-preview:large, max-video-preview:-1\" \/>\n<link rel=\"canonical\" href=\"https:\/\/www.futurefilmfestival.it\/it\/sottotitoli\/\" \/>\n<meta property=\"og:locale\" content=\"it_IT\" \/>\n<meta property=\"og:type\" content=\"article\" \/>\n<meta property=\"og:title\" content=\"Sottotitoli - 24FRAME Future Film Fest\" \/>\n<meta property=\"og:description\" content=\"Sono disponibili i sottotitoli in italiano per i seguenti film, sottotitolati dal 24FRAME Future Film Festival nel corso delle varie edizioni\" \/>\n<meta property=\"og:url\" content=\"https:\/\/www.futurefilmfestival.it\/it\/sottotitoli\/\" \/>\n<meta property=\"og:site_name\" content=\"24FRAME Future Film Fest\" \/>\n<meta property=\"article:modified_time\" content=\"2025-05-12T08:52:03+00:00\" \/>\n<meta property=\"og:image\" content=\"https:\/\/www.futurefilmfestival.it\/wp-content\/uploads\/2024\/05\/FFF2024-logo-positivo-RAPPR.jpg\" \/>\n\t<meta property=\"og:image:width\" content=\"1200\" \/>\n\t<meta property=\"og:image:height\" content=\"675\" \/>\n\t<meta property=\"og:image:type\" content=\"image\/jpeg\" \/>\n<meta name=\"twitter:card\" content=\"summary_large_image\" \/>\n<meta name=\"twitter:label1\" content=\"Tempo di lettura stimato\" \/>\n\t<meta name=\"twitter:data1\" content=\"4 minuti\" \/>\n<script type=\"application\/ld+json\" class=\"yoast-schema-graph\">{\"@context\":\"https:\/\/schema.org\",\"@graph\":[{\"@type\":\"WebPage\",\"@id\":\"https:\/\/www.futurefilmfestival.it\/it\/sottotitoli\/\",\"url\":\"https:\/\/www.futurefilmfestival.it\/it\/sottotitoli\/\",\"name\":\"Sottotitoli - 24FRAME Future Film Fest\",\"isPartOf\":{\"@id\":\"https:\/\/www.futurefilmfestival.it\/it\/#website\"},\"datePublished\":\"2025-04-28T08:29:54+00:00\",\"dateModified\":\"2025-05-12T08:52:03+00:00\",\"description\":\"Sono disponibili i sottotitoli in italiano per i seguenti film, sottotitolati dal 24FRAME Future Film Festival nel corso delle varie edizioni\",\"breadcrumb\":{\"@id\":\"https:\/\/www.futurefilmfestival.it\/it\/sottotitoli\/#breadcrumb\"},\"inLanguage\":\"it-IT\",\"potentialAction\":[{\"@type\":\"ReadAction\",\"target\":[\"https:\/\/www.futurefilmfestival.it\/it\/sottotitoli\/\"]}]},{\"@type\":\"BreadcrumbList\",\"@id\":\"https:\/\/www.futurefilmfestival.it\/it\/sottotitoli\/#breadcrumb\",\"itemListElement\":[{\"@type\":\"ListItem\",\"position\":1,\"name\":\"Home\",\"item\":\"https:\/\/www.futurefilmfestival.it\/it\/home\/\"},{\"@type\":\"ListItem\",\"position\":2,\"name\":\"Sottotitoli\"}]},{\"@type\":\"WebSite\",\"@id\":\"https:\/\/www.futurefilmfestival.it\/it\/#website\",\"url\":\"https:\/\/www.futurefilmfestival.it\/it\/\",\"name\":\"24FRAME Future Film Fest\",\"description\":\"\",\"publisher\":{\"@id\":\"https:\/\/www.futurefilmfestival.it\/it\/#organization\"},\"potentialAction\":[{\"@type\":\"SearchAction\",\"target\":{\"@type\":\"EntryPoint\",\"urlTemplate\":\"https:\/\/www.futurefilmfestival.it\/it\/?s={search_term_string}\"},\"query-input\":{\"@type\":\"PropertyValueSpecification\",\"valueRequired\":true,\"valueName\":\"search_term_string\"}}],\"inLanguage\":\"it-IT\"},{\"@type\":\"Organization\",\"@id\":\"https:\/\/www.futurefilmfestival.it\/it\/#organization\",\"name\":\"24FRAME Future Film Fest\",\"url\":\"https:\/\/www.futurefilmfestival.it\/it\/\",\"logo\":{\"@type\":\"ImageObject\",\"inLanguage\":\"it-IT\",\"@id\":\"https:\/\/www.futurefilmfestival.it\/it\/#\/schema\/logo\/image\/\",\"url\":\"https:\/\/www.futurefilmfestival.it\/wp-content\/uploads\/2024\/05\/FFF2024-logo-positivo-RAPPR.jpg\",\"contentUrl\":\"https:\/\/www.futurefilmfestival.it\/wp-content\/uploads\/2024\/05\/FFF2024-logo-positivo-RAPPR.jpg\",\"width\":1200,\"height\":675,\"caption\":\"24FRAME Future Film Fest\"},\"image\":{\"@id\":\"https:\/\/www.futurefilmfestival.it\/it\/#\/schema\/logo\/image\/\"}}]}<\/script>\n<!-- \/ Yoast SEO plugin. -->","yoast_head_json":{"title":"Sottotitoli - 24FRAME Future Film Fest","description":"Sono disponibili i sottotitoli in italiano per i seguenti film, sottotitolati dal 24FRAME Future Film Festival nel corso delle varie edizioni","robots":{"index":"index","follow":"follow","max-snippet":"max-snippet:-1","max-image-preview":"max-image-preview:large","max-video-preview":"max-video-preview:-1"},"canonical":"https:\/\/www.futurefilmfestival.it\/it\/sottotitoli\/","og_locale":"it_IT","og_type":"article","og_title":"Sottotitoli - 24FRAME Future Film Fest","og_description":"Sono disponibili i sottotitoli in italiano per i seguenti film, sottotitolati dal 24FRAME Future Film Festival nel corso delle varie edizioni","og_url":"https:\/\/www.futurefilmfestival.it\/it\/sottotitoli\/","og_site_name":"24FRAME Future Film Fest","article_modified_time":"2025-05-12T08:52:03+00:00","og_image":[{"width":1200,"height":675,"url":"https:\/\/www.futurefilmfestival.it\/wp-content\/uploads\/2024\/05\/FFF2024-logo-positivo-RAPPR.jpg","type":"image\/jpeg"}],"twitter_card":"summary_large_image","twitter_misc":{"Tempo di lettura stimato":"4 minuti"},"schema":{"@context":"https:\/\/schema.org","@graph":[{"@type":"WebPage","@id":"https:\/\/www.futurefilmfestival.it\/it\/sottotitoli\/","url":"https:\/\/www.futurefilmfestival.it\/it\/sottotitoli\/","name":"Sottotitoli - 24FRAME Future Film Fest","isPartOf":{"@id":"https:\/\/www.futurefilmfestival.it\/it\/#website"},"datePublished":"2025-04-28T08:29:54+00:00","dateModified":"2025-05-12T08:52:03+00:00","description":"Sono disponibili i sottotitoli in italiano per i seguenti film, sottotitolati dal 24FRAME Future Film Festival nel corso delle varie edizioni","breadcrumb":{"@id":"https:\/\/www.futurefilmfestival.it\/it\/sottotitoli\/#breadcrumb"},"inLanguage":"it-IT","potentialAction":[{"@type":"ReadAction","target":["https:\/\/www.futurefilmfestival.it\/it\/sottotitoli\/"]}]},{"@type":"BreadcrumbList","@id":"https:\/\/www.futurefilmfestival.it\/it\/sottotitoli\/#breadcrumb","itemListElement":[{"@type":"ListItem","position":1,"name":"Home","item":"https:\/\/www.futurefilmfestival.it\/it\/home\/"},{"@type":"ListItem","position":2,"name":"Sottotitoli"}]},{"@type":"WebSite","@id":"https:\/\/www.futurefilmfestival.it\/it\/#website","url":"https:\/\/www.futurefilmfestival.it\/it\/","name":"24FRAME Future Film Fest","description":"","publisher":{"@id":"https:\/\/www.futurefilmfestival.it\/it\/#organization"},"potentialAction":[{"@type":"SearchAction","target":{"@type":"EntryPoint","urlTemplate":"https:\/\/www.futurefilmfestival.it\/it\/?s={search_term_string}"},"query-input":{"@type":"PropertyValueSpecification","valueRequired":true,"valueName":"search_term_string"}}],"inLanguage":"it-IT"},{"@type":"Organization","@id":"https:\/\/www.futurefilmfestival.it\/it\/#organization","name":"24FRAME Future Film Fest","url":"https:\/\/www.futurefilmfestival.it\/it\/","logo":{"@type":"ImageObject","inLanguage":"it-IT","@id":"https:\/\/www.futurefilmfestival.it\/it\/#\/schema\/logo\/image\/","url":"https:\/\/www.futurefilmfestival.it\/wp-content\/uploads\/2024\/05\/FFF2024-logo-positivo-RAPPR.jpg","contentUrl":"https:\/\/www.futurefilmfestival.it\/wp-content\/uploads\/2024\/05\/FFF2024-logo-positivo-RAPPR.jpg","width":1200,"height":675,"caption":"24FRAME Future Film Fest"},"image":{"@id":"https:\/\/www.futurefilmfestival.it\/it\/#\/schema\/logo\/image\/"}}]}},"_links":{"self":[{"href":"https:\/\/www.futurefilmfestival.it\/it\/wp-json\/wp\/v2\/pages\/7860","targetHints":{"allow":["GET"]}}],"collection":[{"href":"https:\/\/www.futurefilmfestival.it\/it\/wp-json\/wp\/v2\/pages"}],"about":[{"href":"https:\/\/www.futurefilmfestival.it\/it\/wp-json\/wp\/v2\/types\/page"}],"author":[{"embeddable":true,"href":"https:\/\/www.futurefilmfestival.it\/it\/wp-json\/wp\/v2\/users\/6"}],"replies":[{"embeddable":true,"href":"https:\/\/www.futurefilmfestival.it\/it\/wp-json\/wp\/v2\/comments?post=7860"}],"version-history":[{"count":13,"href":"https:\/\/www.futurefilmfestival.it\/it\/wp-json\/wp\/v2\/pages\/7860\/revisions"}],"predecessor-version":[{"id":7974,"href":"https:\/\/www.futurefilmfestival.it\/it\/wp-json\/wp\/v2\/pages\/7860\/revisions\/7974"}],"wp:attachment":[{"href":"https:\/\/www.futurefilmfestival.it\/it\/wp-json\/wp\/v2\/media?parent=7860"}],"curies":[{"name":"wp","href":"https:\/\/api.w.org\/{rel}","templated":true}]}}